







{"id":2380,"date":"2022-01-27T08:07:22","date_gmt":"2022-01-27T08:07:22","guid":{"rendered":"https:\/\/dlaseuro.wpengine.com\/product\/fresh-invigorating-shampoo\/"},"modified":"2024-11-30T16:29:49","modified_gmt":"2024-11-30T16:29:49","slug":"fresh-invigorating-shampoo","status":"publish","type":"product","link":"https:\/\/europe.dlasint.com\/sv\/produkt\/fresh-invigorating-shampoo\/","title":{"rendered":"Fr\u00e4scht och uppfriskande schampo"},"content":{"rendered":"<p>D&#039;Las Fresh &amp; Invigorating Shampoo \u00e4r l\u00e4mpligt f\u00f6r alla h\u00e5rtyper och utformat f\u00f6r att f\u00f6rb\u00e4ttra h\u00e5rets hanterbarhet med sina naturliga terapeutiska egenskaper.<\/p>\n<p>Denna unika formula hj\u00e4lper till att djupreng\u00f6ra h\u00e5ret och \u00e4r berikad med 100% naturlig lime- och eukalyptusolja som \u00e4r idealiska f\u00f6r h\u00e5rv\u00e4xt och f\u00f6rb\u00e4ttrar h\u00e5rets styrka.<\/p>","protected":false},"excerpt":{"rendered":"<p>Den ultimata h\u00e5rnjutningen med lime och eukalyptus. \u00d6kar h\u00e5rv\u00e4xt och styrka.<\/p>","protected":false},"featured_media":2689,"comment_status":"open","ping_status":"closed","template":"","meta":{"_acf_changed":false,"footnotes":""},"product_brand":[],"product_cat":[211,385,357],"product_tag":[],"class_list":{"0":"post-2380","1":"product","2":"type-product","3":"status-publish","4":"has-post-thumbnail","6":"product_cat-fresh-invigorating-range","7":"product_cat-shampoo-hair","8":"product_cat-women","10":"first","11":"instock","12":"shipping-taxable","13":"purchasable","14":"product-type-simple","15":"add-to-wishlist-before_image"},"acf":[],"_links":{"self":[{"href":"https:\/\/europe.dlasint.com\/sv\/wp-json\/wp\/v2\/product\/2380","targetHints":{"allow":["GET"]}}],"collection":[{"href":"https:\/\/europe.dlasint.com\/sv\/wp-json\/wp\/v2\/product"}],"about":[{"href":"https:\/\/europe.dlasint.com\/sv\/wp-json\/wp\/v2\/types\/product"}],"replies":[{"embeddable":true,"href":"https:\/\/europe.dlasint.com\/sv\/wp-json\/wp\/v2\/comments?post=2380"}],"version-history":[{"count":0,"href":"https:\/\/europe.dlasint.com\/sv\/wp-json\/wp\/v2\/product\/2380\/revisions"}],"wp:featuredmedia":[{"embeddable":true,"href":"https:\/\/europe.dlasint.com\/sv\/wp-json\/wp\/v2\/media\/2689"}],"wp:attachment":[{"href":"https:\/\/europe.dlasint.com\/sv\/wp-json\/wp\/v2\/media?parent=2380"}],"wp:term":[{"taxonomy":"product_brand","embeddable":true,"href":"https:\/\/europe.dlasint.com\/sv\/wp-json\/wp\/v2\/product_brand?post=2380"},{"taxonomy":"product_cat","embeddable":true,"href":"https:\/\/europe.dlasint.com\/sv\/wp-json\/wp\/v2\/product_cat?post=2380"},{"taxonomy":"product_tag","embeddable":true,"href":"https:\/\/europe.dlasint.com\/sv\/wp-json\/wp\/v2\/product_tag?post=2380"}],"curies":[{"name":"wp","href":"https:\/\/api.w.org\/{rel}","templated":true}]}}