







{"id":2338,"date":"2022-01-27T08:07:15","date_gmt":"2022-01-27T08:07:15","guid":{"rendered":"https:\/\/dlaseuro.wpengine.com\/product\/coconut-milk-golden-honey-shampoo\/"},"modified":"2023-04-01T04:55:08","modified_gmt":"2023-04-01T04:55:08","slug":"coconut-milk-golden-honey-shampoo","status":"publish","type":"product","link":"https:\/\/europe.dlasint.com\/sv\/produkt\/coconut-milk-golden-honey-shampoo\/","title":{"rendered":"Kokosmj\u00f6lk &amp; Gyllene Honungsschampo"},"content":{"rendered":"<p>D&#039;Las Coconut Milk &amp; Golden Honey Shampoo \u00e4r l\u00e4mpligt f\u00f6r lockigt h\u00e5r.<\/p>\n<p>Berikad med aloe vera, provitamin B5 och milda tensider, reng\u00f6r denna silkeslena formula varsamt h\u00e5ret, f\u00f6rb\u00e4ttrar h\u00e5rets glans och sl\u00e4thet samtidigt som den hj\u00e4lper till att beh\u00e5lla lockarnas form.<\/p>\n<p>Denna l\u00e4tta avancerade formula friskar \u00e4ven upp h\u00e5rbotten samtidigt som den ger dig en tropisk badupplevelse.<\/p>","protected":false},"excerpt":{"rendered":"<p>Reng\u00f6r och ge liv \u00e5t dina sp\u00e4nstiga lockar med D&#039;las Coconut and Golden Honey Shampoo.<\/p>","protected":false},"featured_media":2504,"comment_status":"open","ping_status":"closed","template":"","meta":{"_acf_changed":false,"footnotes":""},"product_brand":[],"product_cat":[202,385,357],"product_tag":[],"class_list":{"0":"post-2338","1":"product","2":"type-product","3":"status-publish","4":"has-post-thumbnail","6":"product_cat-coconut-milk-golden-honey-range","7":"product_cat-shampoo-hair","8":"product_cat-women","10":"first","11":"instock","12":"shipping-taxable","13":"purchasable","14":"product-type-simple","15":"add-to-wishlist-before_image"},"acf":[],"_links":{"self":[{"href":"https:\/\/europe.dlasint.com\/sv\/wp-json\/wp\/v2\/product\/2338","targetHints":{"allow":["GET"]}}],"collection":[{"href":"https:\/\/europe.dlasint.com\/sv\/wp-json\/wp\/v2\/product"}],"about":[{"href":"https:\/\/europe.dlasint.com\/sv\/wp-json\/wp\/v2\/types\/product"}],"replies":[{"embeddable":true,"href":"https:\/\/europe.dlasint.com\/sv\/wp-json\/wp\/v2\/comments?post=2338"}],"version-history":[{"count":0,"href":"https:\/\/europe.dlasint.com\/sv\/wp-json\/wp\/v2\/product\/2338\/revisions"}],"wp:featuredmedia":[{"embeddable":true,"href":"https:\/\/europe.dlasint.com\/sv\/wp-json\/wp\/v2\/media\/2504"}],"wp:attachment":[{"href":"https:\/\/europe.dlasint.com\/sv\/wp-json\/wp\/v2\/media?parent=2338"}],"wp:term":[{"taxonomy":"product_brand","embeddable":true,"href":"https:\/\/europe.dlasint.com\/sv\/wp-json\/wp\/v2\/product_brand?post=2338"},{"taxonomy":"product_cat","embeddable":true,"href":"https:\/\/europe.dlasint.com\/sv\/wp-json\/wp\/v2\/product_cat?post=2338"},{"taxonomy":"product_tag","embeddable":true,"href":"https:\/\/europe.dlasint.com\/sv\/wp-json\/wp\/v2\/product_tag?post=2338"}],"curies":[{"name":"wp","href":"https:\/\/api.w.org\/{rel}","templated":true}]}}