







{"id":2294,"date":"2022-01-27T08:07:09","date_gmt":"2022-01-27T08:07:09","guid":{"rendered":"https:\/\/dlaseuro.wpengine.com\/product\/wild-orchid-conditioner\/"},"modified":"2023-04-01T05:11:50","modified_gmt":"2023-04-01T05:11:50","slug":"wild-orchid-conditioner","status":"publish","type":"product","link":"https:\/\/europe.dlasint.com\/sv\/produkt\/wild-orchid-conditioner\/","title":{"rendered":"Balsam f\u00f6r vild orkid\u00e9"},"content":{"rendered":"<p>D&#039;Las Wild Orchid Conditioner passar alla h\u00e5rtyper.<\/p>\n<p>Berikad med aloe vera, vitamin E-acetat och jojobafr\u00f6olja, hj\u00e4lper den kr\u00e4miga formulan h\u00e5ret genom att g\u00f6ra det silkeslent mjukt och sp\u00e4nstigt med f\u00f6rb\u00e4ttrad lyster.<\/p>\n<p>Den unika, mystiska doften av vilda orkid\u00e9er kommer omedelbart att l\u00e4mna dig uppfriskad och uppfriskad.<\/p>","protected":false},"excerpt":{"rendered":"<p>En f\u00f6rtrollande behandling med Wild Orchid f\u00f6r ett livfullt och glansigt h\u00e5r som varar hela dagen. L\u00e4mplig f\u00f6r alla h\u00e5rtyper.<\/p>","protected":false},"featured_media":2644,"comment_status":"open","ping_status":"closed","template":"","meta":{"_acf_changed":false,"footnotes":""},"product_brand":[],"product_cat":[409,193,357],"product_tag":[],"class_list":{"0":"post-2294","1":"product","2":"type-product","3":"status-publish","4":"has-post-thumbnail","6":"product_cat-conditioner-hair","7":"product_cat-wild-orchid-range","8":"product_cat-women","10":"first","11":"instock","12":"shipping-taxable","13":"purchasable","14":"product-type-simple","15":"add-to-wishlist-before_image"},"acf":[],"_links":{"self":[{"href":"https:\/\/europe.dlasint.com\/sv\/wp-json\/wp\/v2\/product\/2294","targetHints":{"allow":["GET"]}}],"collection":[{"href":"https:\/\/europe.dlasint.com\/sv\/wp-json\/wp\/v2\/product"}],"about":[{"href":"https:\/\/europe.dlasint.com\/sv\/wp-json\/wp\/v2\/types\/product"}],"replies":[{"embeddable":true,"href":"https:\/\/europe.dlasint.com\/sv\/wp-json\/wp\/v2\/comments?post=2294"}],"version-history":[{"count":0,"href":"https:\/\/europe.dlasint.com\/sv\/wp-json\/wp\/v2\/product\/2294\/revisions"}],"wp:featuredmedia":[{"embeddable":true,"href":"https:\/\/europe.dlasint.com\/sv\/wp-json\/wp\/v2\/media\/2644"}],"wp:attachment":[{"href":"https:\/\/europe.dlasint.com\/sv\/wp-json\/wp\/v2\/media?parent=2294"}],"wp:term":[{"taxonomy":"product_brand","embeddable":true,"href":"https:\/\/europe.dlasint.com\/sv\/wp-json\/wp\/v2\/product_brand?post=2294"},{"taxonomy":"product_cat","embeddable":true,"href":"https:\/\/europe.dlasint.com\/sv\/wp-json\/wp\/v2\/product_cat?post=2294"},{"taxonomy":"product_tag","embeddable":true,"href":"https:\/\/europe.dlasint.com\/sv\/wp-json\/wp\/v2\/product_tag?post=2294"}],"curies":[{"name":"wp","href":"https:\/\/api.w.org\/{rel}","templated":true}]}}