







{"id":2358,"date":"2022-01-27T08:07:18","date_gmt":"2022-01-27T08:07:18","guid":{"rendered":"https:\/\/dlaseuro.wpengine.com\/product\/cleansing-balancing-shower-gel\/"},"modified":"2023-04-01T05:14:21","modified_gmt":"2023-04-01T05:14:21","slug":"cleansing-balancing-shower-gel","status":"publish","type":"product","link":"https:\/\/europe.dlasint.com\/sl\/izdelek\/cleansing-balancing-shower-gel\/","title":{"rendered":"\u010cistilni in uravnote\u017eeni gel za prhanje"},"content":{"rendered":"<p>\u010cistilni in uravnalni gel za prhanje D&#039;las, formuliran z edinstveno me\u0161anico oglja in naravnega olja \u010dajevca 100%, je primeren za vse tipe ko\u017ee in s svojimi naravnimi terapevtskimi lastnostmi pomaga odstraniti ne\u010disto\u010de s ko\u017ee.<\/p>\n<p>Z lahko teksturo je ta gel za prhanje idealen za globinsko \u010di\u0161\u010denje ko\u017ee, saj odstrani odmrle ko\u017ene celice in ohranja ko\u017eo \u010disto, sve\u017eo in rahlo odi\u0161avljeno.<\/p>","protected":false},"excerpt":{"rendered":"<p>Aktivno oglje in \u010dajevec globinsko o\u010distita in zmeh\u010data va\u0161o ko\u017eo. \u017de po prvem umivanju boste opazili razliko!<\/p>","protected":false},"featured_media":4273,"comment_status":"open","ping_status":"closed","template":"","meta":{"_acf_changed":false,"footnotes":""},"product_brand":[],"product_cat":[208,383,357],"product_tag":[],"class_list":{"0":"post-2358","1":"product","2":"type-product","3":"status-publish","4":"has-post-thumbnail","6":"product_cat-cleansing-balancing-range","7":"product_cat-shower-gel-body","8":"product_cat-women","10":"first","11":"instock","12":"shipping-taxable","13":"purchasable","14":"product-type-simple","15":"add-to-wishlist-before_image"},"acf":[],"_links":{"self":[{"href":"https:\/\/europe.dlasint.com\/sl\/wp-json\/wp\/v2\/product\/2358","targetHints":{"allow":["GET"]}}],"collection":[{"href":"https:\/\/europe.dlasint.com\/sl\/wp-json\/wp\/v2\/product"}],"about":[{"href":"https:\/\/europe.dlasint.com\/sl\/wp-json\/wp\/v2\/types\/product"}],"replies":[{"embeddable":true,"href":"https:\/\/europe.dlasint.com\/sl\/wp-json\/wp\/v2\/comments?post=2358"}],"version-history":[{"count":0,"href":"https:\/\/europe.dlasint.com\/sl\/wp-json\/wp\/v2\/product\/2358\/revisions"}],"wp:featuredmedia":[{"embeddable":true,"href":"https:\/\/europe.dlasint.com\/sl\/wp-json\/wp\/v2\/media\/4273"}],"wp:attachment":[{"href":"https:\/\/europe.dlasint.com\/sl\/wp-json\/wp\/v2\/media?parent=2358"}],"wp:term":[{"taxonomy":"product_brand","embeddable":true,"href":"https:\/\/europe.dlasint.com\/sl\/wp-json\/wp\/v2\/product_brand?post=2358"},{"taxonomy":"product_cat","embeddable":true,"href":"https:\/\/europe.dlasint.com\/sl\/wp-json\/wp\/v2\/product_cat?post=2358"},{"taxonomy":"product_tag","embeddable":true,"href":"https:\/\/europe.dlasint.com\/sl\/wp-json\/wp\/v2\/product_tag?post=2358"}],"curies":[{"name":"wp","href":"https:\/\/api.w.org\/{rel}","templated":true}]}}