







{"id":2413,"date":"2022-01-27T08:07:27","date_gmt":"2022-01-27T08:07:27","guid":{"rendered":"https:\/\/dlaseuro.wpengine.com\/product\/resurface-smooth-exfoliating-gel-scrub\/"},"modified":"2023-04-01T05:42:22","modified_gmt":"2023-04-01T05:42:22","slug":"resurface-smooth-exfoliating-gel-scrub","status":"publish","type":"product","link":"https:\/\/europe.dlasint.com\/sk\/produkt\/resurface-smooth-exfoliating-gel-scrub\/","title":{"rendered":"Exfolia\u010dn\u00fd g\u00e9lov\u00fd peeling Resurface &amp; Smooth"},"content":{"rendered":"<p>D&#8217;Las Resurface &amp; Smooth Exfoliating Gel Scrub helps to smooth the skin by removing dead skin cells.<\/p>\n<p>This advanced formula contains Green Tea extract and Sandalwood powder. Sandalwood powder is one of the finest beauty ingredients and a natural exfoliator that helps to enhance skin brightness by removing blemishes and age spots while Green Tea provides soothing properties.<\/p>","protected":false},"excerpt":{"rendered":"<p>Green tea extract and Sandalwood powder for smooth glowing skin. Remove dullness and energize your skin with natural goodness.<\/p>","protected":false},"featured_media":3685,"comment_status":"open","ping_status":"closed","template":"","meta":{"_acf_changed":false,"footnotes":""},"product_brand":[],"product_cat":[225,382,357],"product_tag":[],"class_list":{"0":"post-2413","1":"product","2":"type-product","3":"status-publish","4":"has-post-thumbnail","6":"product_cat-scrubs","7":"product_cat-scrubs-body","8":"product_cat-women","10":"first","11":"instock","12":"shipping-taxable","13":"purchasable","14":"product-type-simple","15":"add-to-wishlist-before_image"},"acf":[],"_links":{"self":[{"href":"https:\/\/europe.dlasint.com\/sk\/wp-json\/wp\/v2\/product\/2413","targetHints":{"allow":["GET"]}}],"collection":[{"href":"https:\/\/europe.dlasint.com\/sk\/wp-json\/wp\/v2\/product"}],"about":[{"href":"https:\/\/europe.dlasint.com\/sk\/wp-json\/wp\/v2\/types\/product"}],"replies":[{"embeddable":true,"href":"https:\/\/europe.dlasint.com\/sk\/wp-json\/wp\/v2\/comments?post=2413"}],"version-history":[{"count":0,"href":"https:\/\/europe.dlasint.com\/sk\/wp-json\/wp\/v2\/product\/2413\/revisions"}],"wp:featuredmedia":[{"embeddable":true,"href":"https:\/\/europe.dlasint.com\/sk\/wp-json\/wp\/v2\/media\/3685"}],"wp:attachment":[{"href":"https:\/\/europe.dlasint.com\/sk\/wp-json\/wp\/v2\/media?parent=2413"}],"wp:term":[{"taxonomy":"product_brand","embeddable":true,"href":"https:\/\/europe.dlasint.com\/sk\/wp-json\/wp\/v2\/product_brand?post=2413"},{"taxonomy":"product_cat","embeddable":true,"href":"https:\/\/europe.dlasint.com\/sk\/wp-json\/wp\/v2\/product_cat?post=2413"},{"taxonomy":"product_tag","embeddable":true,"href":"https:\/\/europe.dlasint.com\/sk\/wp-json\/wp\/v2\/product_tag?post=2413"}],"curies":[{"name":"wp","href":"https:\/\/api.w.org\/{rel}","templated":true}]}}