







{"id":2382,"date":"2022-01-27T08:07:22","date_gmt":"2022-01-27T08:07:22","guid":{"rendered":"https:\/\/dlaseuro.wpengine.com\/product\/rejuvenating-organic-massage-oil\/"},"modified":"2023-04-01T05:33:32","modified_gmt":"2023-04-01T05:33:32","slug":"rejuvenating-organic-massage-oil","status":"publish","type":"product","link":"https:\/\/europe.dlasint.com\/sk\/produkt\/rejuvenating-organic-massage-oil\/","title":{"rendered":"Omladzuj\u00faci organick\u00fd mas\u00e1\u017eny olej"},"content":{"rendered":"<p>Our signature spa blend massage oil enriched with 100% authentic Lavender oil, Patchouli oil, and Virgin Coconut oil, is ideal for daily wellness and helps to increase awareness and elevate your spirit.<\/p>\n<p>Further, the formula&#8217;s nutritive properties soothe the body while also helping to repair and firm the skin, leaving it smooth and toned.<\/p>","protected":false},"excerpt":{"rendered":"<p>Ideal for everyday wellness. Infused with calming Lavender and Patchouli oils that will make you reminisce of a relaxing destination.<\/p>","protected":false},"featured_media":2866,"comment_status":"open","ping_status":"closed","template":"","meta":{"_acf_changed":false,"footnotes":""},"product_brand":[],"product_cat":[411,213,357],"product_tag":[],"class_list":{"0":"post-2382","1":"product","2":"type-product","3":"status-publish","4":"has-post-thumbnail","6":"product_cat-massage-oils","7":"product_cat-rejuvenating-range","8":"product_cat-women","10":"first","11":"instock","12":"shipping-taxable","13":"purchasable","14":"product-type-simple","15":"add-to-wishlist-before_image"},"acf":[],"_links":{"self":[{"href":"https:\/\/europe.dlasint.com\/sk\/wp-json\/wp\/v2\/product\/2382","targetHints":{"allow":["GET"]}}],"collection":[{"href":"https:\/\/europe.dlasint.com\/sk\/wp-json\/wp\/v2\/product"}],"about":[{"href":"https:\/\/europe.dlasint.com\/sk\/wp-json\/wp\/v2\/types\/product"}],"replies":[{"embeddable":true,"href":"https:\/\/europe.dlasint.com\/sk\/wp-json\/wp\/v2\/comments?post=2382"}],"version-history":[{"count":0,"href":"https:\/\/europe.dlasint.com\/sk\/wp-json\/wp\/v2\/product\/2382\/revisions"}],"wp:featuredmedia":[{"embeddable":true,"href":"https:\/\/europe.dlasint.com\/sk\/wp-json\/wp\/v2\/media\/2866"}],"wp:attachment":[{"href":"https:\/\/europe.dlasint.com\/sk\/wp-json\/wp\/v2\/media?parent=2382"}],"wp:term":[{"taxonomy":"product_brand","embeddable":true,"href":"https:\/\/europe.dlasint.com\/sk\/wp-json\/wp\/v2\/product_brand?post=2382"},{"taxonomy":"product_cat","embeddable":true,"href":"https:\/\/europe.dlasint.com\/sk\/wp-json\/wp\/v2\/product_cat?post=2382"},{"taxonomy":"product_tag","embeddable":true,"href":"https:\/\/europe.dlasint.com\/sk\/wp-json\/wp\/v2\/product_tag?post=2382"}],"curies":[{"name":"wp","href":"https:\/\/api.w.org\/{rel}","templated":true}]}}