







{"id":2374,"date":"2022-01-27T08:07:20","date_gmt":"2022-01-27T08:07:20","guid":{"rendered":"https:\/\/dlaseuro.wpengine.com\/product\/clearing-refreshing-shampoo\/"},"modified":"2023-04-01T05:04:16","modified_gmt":"2023-04-01T05:04:16","slug":"clearing-refreshing-shampoo","status":"publish","type":"product","link":"https:\/\/europe.dlasint.com\/sk\/produkt\/clearing-refreshing-shampoo\/","title":{"rendered":"\u010cistiaci a osvie\u017euj\u00faci \u0161amp\u00f3n"},"content":{"rendered":"<p>D\u2019Las Clearing &amp; Refreshing Shampoo is suitable for all hair types and contains 100% natural Aloe vera and Ceylon Cinnamon bark oil.<\/p>\n<p>This unique formula deep cleanses the scalp and promotes blood flow to the hair follicles thereby helping to have shiny, lustrous hair.<\/p>","protected":false},"excerpt":{"rendered":"<p>Restore the energy of your damaged hair with a natural Ceylon Cinnamon and Aloe vera treatment.<\/p>","protected":false},"featured_media":2721,"comment_status":"open","ping_status":"closed","template":"","meta":{"_acf_changed":false,"footnotes":""},"product_brand":[],"product_cat":[210,385,357],"product_tag":[],"class_list":{"0":"post-2374","1":"product","2":"type-product","3":"status-publish","4":"has-post-thumbnail","6":"product_cat-clearing-refreshing-range","7":"product_cat-shampoo-hair","8":"product_cat-women","10":"first","11":"instock","12":"shipping-taxable","13":"purchasable","14":"product-type-simple","15":"add-to-wishlist-before_image"},"acf":[],"_links":{"self":[{"href":"https:\/\/europe.dlasint.com\/sk\/wp-json\/wp\/v2\/product\/2374","targetHints":{"allow":["GET"]}}],"collection":[{"href":"https:\/\/europe.dlasint.com\/sk\/wp-json\/wp\/v2\/product"}],"about":[{"href":"https:\/\/europe.dlasint.com\/sk\/wp-json\/wp\/v2\/types\/product"}],"replies":[{"embeddable":true,"href":"https:\/\/europe.dlasint.com\/sk\/wp-json\/wp\/v2\/comments?post=2374"}],"version-history":[{"count":0,"href":"https:\/\/europe.dlasint.com\/sk\/wp-json\/wp\/v2\/product\/2374\/revisions"}],"wp:featuredmedia":[{"embeddable":true,"href":"https:\/\/europe.dlasint.com\/sk\/wp-json\/wp\/v2\/media\/2721"}],"wp:attachment":[{"href":"https:\/\/europe.dlasint.com\/sk\/wp-json\/wp\/v2\/media?parent=2374"}],"wp:term":[{"taxonomy":"product_brand","embeddable":true,"href":"https:\/\/europe.dlasint.com\/sk\/wp-json\/wp\/v2\/product_brand?post=2374"},{"taxonomy":"product_cat","embeddable":true,"href":"https:\/\/europe.dlasint.com\/sk\/wp-json\/wp\/v2\/product_cat?post=2374"},{"taxonomy":"product_tag","embeddable":true,"href":"https:\/\/europe.dlasint.com\/sk\/wp-json\/wp\/v2\/product_tag?post=2374"}],"curies":[{"name":"wp","href":"https:\/\/api.w.org\/{rel}","templated":true}]}}