







{"id":2361,"date":"2022-01-27T08:07:19","date_gmt":"2022-01-27T08:07:19","guid":{"rendered":"https:\/\/dlaseuro.wpengine.com\/product\/cleansing-balancing-conditoner\/"},"modified":"2023-04-01T05:07:53","modified_gmt":"2023-04-01T05:07:53","slug":"cleansing-balancing-conditoner","status":"publish","type":"product","link":"https:\/\/europe.dlasint.com\/sk\/produkt\/cleansing-balancing-conditoner\/","title":{"rendered":"\u010cistiaci a vyrovn\u00e1vac\u00ed kondicion\u00e9r"},"content":{"rendered":"<p>D\u2019las Cleansing and Balancing Conditioner is suitable for all hair types and designed to detoxify and refresh your hair with its natural therapeutic properties.<\/p>\n<p>Enriched with Charcoal &amp; 100 % natural Tea Tree essential oil, this unique formula has antiseptic properties that help to protect your hair while Aloe Vera and Jojoba oil provide nourishment and long-lasting silky touch.<\/p>\n<p>&nbsp;<\/p>","protected":false},"excerpt":{"rendered":"<p>Active Charcoal and Tea Tree hair care treatment to detoxify and balance your hair. Nourishes and ensures soft, shiny hair.<\/p>","protected":false},"featured_media":4287,"comment_status":"open","ping_status":"closed","template":"","meta":{"_acf_changed":false,"footnotes":""},"product_brand":[],"product_cat":[208,409,357],"product_tag":[],"class_list":{"0":"post-2361","1":"product","2":"type-product","3":"status-publish","4":"has-post-thumbnail","6":"product_cat-cleansing-balancing-range","7":"product_cat-conditioner-hair","8":"product_cat-women","10":"first","11":"instock","12":"shipping-taxable","13":"purchasable","14":"product-type-simple","15":"add-to-wishlist-before_image"},"acf":[],"_links":{"self":[{"href":"https:\/\/europe.dlasint.com\/sk\/wp-json\/wp\/v2\/product\/2361","targetHints":{"allow":["GET"]}}],"collection":[{"href":"https:\/\/europe.dlasint.com\/sk\/wp-json\/wp\/v2\/product"}],"about":[{"href":"https:\/\/europe.dlasint.com\/sk\/wp-json\/wp\/v2\/types\/product"}],"replies":[{"embeddable":true,"href":"https:\/\/europe.dlasint.com\/sk\/wp-json\/wp\/v2\/comments?post=2361"}],"version-history":[{"count":0,"href":"https:\/\/europe.dlasint.com\/sk\/wp-json\/wp\/v2\/product\/2361\/revisions"}],"wp:featuredmedia":[{"embeddable":true,"href":"https:\/\/europe.dlasint.com\/sk\/wp-json\/wp\/v2\/media\/4287"}],"wp:attachment":[{"href":"https:\/\/europe.dlasint.com\/sk\/wp-json\/wp\/v2\/media?parent=2361"}],"wp:term":[{"taxonomy":"product_brand","embeddable":true,"href":"https:\/\/europe.dlasint.com\/sk\/wp-json\/wp\/v2\/product_brand?post=2361"},{"taxonomy":"product_cat","embeddable":true,"href":"https:\/\/europe.dlasint.com\/sk\/wp-json\/wp\/v2\/product_cat?post=2361"},{"taxonomy":"product_tag","embeddable":true,"href":"https:\/\/europe.dlasint.com\/sk\/wp-json\/wp\/v2\/product_tag?post=2361"}],"curies":[{"name":"wp","href":"https:\/\/api.w.org\/{rel}","templated":true}]}}