







{"id":2323,"date":"2022-01-27T08:07:13","date_gmt":"2022-01-27T08:07:13","guid":{"rendered":"https:\/\/dlaseuro.wpengine.com\/product\/coconut-milk-shampoo\/"},"modified":"2024-07-02T21:01:50","modified_gmt":"2024-07-02T21:01:50","slug":"coconut-milk-shampoo","status":"publish","type":"product","link":"https:\/\/europe.dlasint.com\/sk\/produkt\/coconut-milk-shampoo\/","title":{"rendered":"\u0160amp\u00f3n s kokosov\u00fdm mliekom"},"content":{"rendered":"<p>D&#8217;Las Coconut Milk Shampoo is suitable for all hair types.<\/p>\n<p>Enriched with Aloe vera, Provitamin B5, and mild surfactants, this lustrous blend will gently cleanse the hair and reduce hair loss. It will also improve scalp health and hair shine while keeping hair frizz-free.<\/p>\n<p>The creamy fragrance of coconut milk will indulge you in a tropical bathing experience with every wash.<\/p>","protected":false},"excerpt":{"rendered":"<p>Total hair care! The creamy Coconut Milk Shampoo helps to reduce hair fall and gives you strong, nourished, healthy hair.<\/p>","protected":false},"featured_media":2549,"comment_status":"open","ping_status":"closed","template":"","meta":{"_acf_changed":false,"footnotes":""},"product_brand":[],"product_cat":[199,385,357],"product_tag":[],"class_list":{"0":"post-2323","1":"product","2":"type-product","3":"status-publish","4":"has-post-thumbnail","6":"product_cat-coconut-milk-range","7":"product_cat-shampoo-hair","8":"product_cat-women","10":"first","11":"instock","12":"featured","13":"shipping-taxable","14":"purchasable","15":"product-type-simple","16":"add-to-wishlist-before_image"},"acf":[],"_links":{"self":[{"href":"https:\/\/europe.dlasint.com\/sk\/wp-json\/wp\/v2\/product\/2323","targetHints":{"allow":["GET"]}}],"collection":[{"href":"https:\/\/europe.dlasint.com\/sk\/wp-json\/wp\/v2\/product"}],"about":[{"href":"https:\/\/europe.dlasint.com\/sk\/wp-json\/wp\/v2\/types\/product"}],"replies":[{"embeddable":true,"href":"https:\/\/europe.dlasint.com\/sk\/wp-json\/wp\/v2\/comments?post=2323"}],"version-history":[{"count":0,"href":"https:\/\/europe.dlasint.com\/sk\/wp-json\/wp\/v2\/product\/2323\/revisions"}],"wp:featuredmedia":[{"embeddable":true,"href":"https:\/\/europe.dlasint.com\/sk\/wp-json\/wp\/v2\/media\/2549"}],"wp:attachment":[{"href":"https:\/\/europe.dlasint.com\/sk\/wp-json\/wp\/v2\/media?parent=2323"}],"wp:term":[{"taxonomy":"product_brand","embeddable":true,"href":"https:\/\/europe.dlasint.com\/sk\/wp-json\/wp\/v2\/product_brand?post=2323"},{"taxonomy":"product_cat","embeddable":true,"href":"https:\/\/europe.dlasint.com\/sk\/wp-json\/wp\/v2\/product_cat?post=2323"},{"taxonomy":"product_tag","embeddable":true,"href":"https:\/\/europe.dlasint.com\/sk\/wp-json\/wp\/v2\/product_tag?post=2323"}],"curies":[{"name":"wp","href":"https:\/\/api.w.org\/{rel}","templated":true}]}}