







{"id":4023,"date":"2022-02-22T09:58:43","date_gmt":"2022-02-22T09:58:43","guid":{"rendered":"https:\/\/dlaseuro.wpengine.com\/?post_type=product&#038;p=4023"},"modified":"2025-05-26T01:47:31","modified_gmt":"2025-05-26T01:47:31","slug":"ginger-zingiber-officinale","status":"publish","type":"product","link":"https:\/\/europe.dlasint.com\/ro\/produs\/ginger-zingiber-officinale\/","title":{"rendered":"Ghimbir (Zingiber officinale)"},"content":{"rendered":"<p>Ulei cald \u0219i picant de culoare galben deschis se remarc\u0103 prin parfumul s\u0103u energizant \u0219i \u00eent\u0103ritor care are propriet\u0103\u021bi afrodisiace.<\/p>\n<p>Con\u021binutul net este de 20 ml<\/p>","protected":false},"excerpt":{"rendered":"<p>Uleiul esen\u021bial de ghimbir D&#039;las este 100% natural \u0219i pur, cu o concentra\u021bie mare de arom\u0103 unic\u0103 de ghimbir.<\/p>","protected":false},"featured_media":4025,"comment_status":"open","ping_status":"closed","template":"","meta":{"_acf_changed":false,"footnotes":""},"product_brand":[],"product_cat":[336],"product_tag":[],"class_list":{"0":"post-4023","1":"product","2":"type-product","3":"status-publish","4":"has-post-thumbnail","6":"product_cat-essential-oils","8":"first","9":"outofstock","10":"shipping-taxable","11":"purchasable","12":"product-type-simple","13":"add-to-wishlist-before_image"},"acf":[],"_links":{"self":[{"href":"https:\/\/europe.dlasint.com\/ro\/wp-json\/wp\/v2\/product\/4023","targetHints":{"allow":["GET"]}}],"collection":[{"href":"https:\/\/europe.dlasint.com\/ro\/wp-json\/wp\/v2\/product"}],"about":[{"href":"https:\/\/europe.dlasint.com\/ro\/wp-json\/wp\/v2\/types\/product"}],"replies":[{"embeddable":true,"href":"https:\/\/europe.dlasint.com\/ro\/wp-json\/wp\/v2\/comments?post=4023"}],"version-history":[{"count":0,"href":"https:\/\/europe.dlasint.com\/ro\/wp-json\/wp\/v2\/product\/4023\/revisions"}],"wp:featuredmedia":[{"embeddable":true,"href":"https:\/\/europe.dlasint.com\/ro\/wp-json\/wp\/v2\/media\/4025"}],"wp:attachment":[{"href":"https:\/\/europe.dlasint.com\/ro\/wp-json\/wp\/v2\/media?parent=4023"}],"wp:term":[{"taxonomy":"product_brand","embeddable":true,"href":"https:\/\/europe.dlasint.com\/ro\/wp-json\/wp\/v2\/product_brand?post=4023"},{"taxonomy":"product_cat","embeddable":true,"href":"https:\/\/europe.dlasint.com\/ro\/wp-json\/wp\/v2\/product_cat?post=4023"},{"taxonomy":"product_tag","embeddable":true,"href":"https:\/\/europe.dlasint.com\/ro\/wp-json\/wp\/v2\/product_tag?post=4023"}],"curies":[{"name":"wp","href":"https:\/\/api.w.org\/{rel}","templated":true}]}}