







{"id":3302,"date":"2022-01-30T13:04:19","date_gmt":"2022-01-30T13:04:19","guid":{"rendered":"https:\/\/dlaseuro.wpengine.com\/?page_id=3302"},"modified":"2022-03-02T07:50:30","modified_gmt":"2022-03-02T07:50:30","slug":"our-range","status":"publish","type":"page","link":"https:\/\/europe.dlasint.com\/ro\/our-range\/","title":{"rendered":"Descoperi\u021bi gama noastr\u0103"},"content":{"rendered":"<p>Linia noastr\u0103 de produse include o gam\u0103 larg\u0103 de extracte de flori, extracte de fructe, extracte din plante \u0219i extracte naturale de plante pentru a satisface nevoile dumneavoastr\u0103 de frumuse\u021be.<\/p>","protected":false},"excerpt":{"rendered":"<p>Linia noastr\u0103 de produse include o gam\u0103 larg\u0103 de extracte de flori, extracte de fructe, extracte din plante \u0219i extracte naturale de plante pentru a satisface nevoile dumneavoastr\u0103 de frumuse\u021be.<\/p>","protected":false},"author":3,"featured_media":0,"parent":0,"menu_order":9,"comment_status":"closed","ping_status":"closed","template":"","meta":{"_acf_changed":false,"footnotes":""},"class_list":["post-3302","page","type-page","status-publish","hentry"],"acf":[],"_links":{"self":[{"href":"https:\/\/europe.dlasint.com\/ro\/wp-json\/wp\/v2\/pages\/3302","targetHints":{"allow":["GET"]}}],"collection":[{"href":"https:\/\/europe.dlasint.com\/ro\/wp-json\/wp\/v2\/pages"}],"about":[{"href":"https:\/\/europe.dlasint.com\/ro\/wp-json\/wp\/v2\/types\/page"}],"author":[{"embeddable":true,"href":"https:\/\/europe.dlasint.com\/ro\/wp-json\/wp\/v2\/users\/3"}],"replies":[{"embeddable":true,"href":"https:\/\/europe.dlasint.com\/ro\/wp-json\/wp\/v2\/comments?post=3302"}],"version-history":[{"count":0,"href":"https:\/\/europe.dlasint.com\/ro\/wp-json\/wp\/v2\/pages\/3302\/revisions"}],"wp:attachment":[{"href":"https:\/\/europe.dlasint.com\/ro\/wp-json\/wp\/v2\/media?parent=3302"}],"curies":[{"name":"wp","href":"https:\/\/api.w.org\/{rel}","templated":true}]}}