







{"id":2398,"date":"2022-01-27T08:07:24","date_gmt":"2022-01-27T08:07:24","guid":{"rendered":"https:\/\/dlaseuro.wpengine.com\/product\/warming-balm\/"},"modified":"2025-05-25T17:01:56","modified_gmt":"2025-05-25T17:01:56","slug":"warming-balm","status":"publish","type":"product","link":"https:\/\/europe.dlasint.com\/pt\/produto\/warming-balm\/","title":{"rendered":"b\u00e1lsamo aquecedor"},"content":{"rendered":"<p>Uma f\u00f3rmula n\u00e3o oleosa e de r\u00e1pida absor\u00e7\u00e3o que pode ser usada em qualquer lugar ou sempre que voc\u00ea precisar.<\/p>\n<p>Enriched with 100% natural oils of Ceylon Cinnamon bark, Cardamom, Coriander, Organic D-Limonene, and Virgin Coconut combined with Beeswax, this potent blend acts as a stimulant and helps to warm the body and mind.<\/p>\n<p>Pode ser usado no dia a dia e n\u00e3o pode faltar na bolsa.<\/p>","protected":false},"excerpt":{"rendered":"<p>100% natural oils of Cinnamon bark, Cardamom, Coriander to keep your skin warm and provide relaxing therapeutic properties to calm and clear your mind and body.<\/p>","protected":false},"featured_media":2835,"comment_status":"open","ping_status":"closed","template":"","meta":{"_acf_changed":false,"footnotes":""},"product_brand":[],"product_cat":[412,218,357],"product_tag":[],"class_list":{"0":"post-2398","1":"product","2":"type-product","3":"status-publish","4":"has-post-thumbnail","6":"product_cat-aromatherapy-balms","7":"product_cat-warming-range","8":"product_cat-women","10":"first","11":"instock","12":"shipping-taxable","13":"purchasable","14":"product-type-simple","15":"add-to-wishlist-before_image"},"acf":[],"_links":{"self":[{"href":"https:\/\/europe.dlasint.com\/pt\/wp-json\/wp\/v2\/product\/2398","targetHints":{"allow":["GET"]}}],"collection":[{"href":"https:\/\/europe.dlasint.com\/pt\/wp-json\/wp\/v2\/product"}],"about":[{"href":"https:\/\/europe.dlasint.com\/pt\/wp-json\/wp\/v2\/types\/product"}],"replies":[{"embeddable":true,"href":"https:\/\/europe.dlasint.com\/pt\/wp-json\/wp\/v2\/comments?post=2398"}],"version-history":[{"count":0,"href":"https:\/\/europe.dlasint.com\/pt\/wp-json\/wp\/v2\/product\/2398\/revisions"}],"wp:featuredmedia":[{"embeddable":true,"href":"https:\/\/europe.dlasint.com\/pt\/wp-json\/wp\/v2\/media\/2835"}],"wp:attachment":[{"href":"https:\/\/europe.dlasint.com\/pt\/wp-json\/wp\/v2\/media?parent=2398"}],"wp:term":[{"taxonomy":"product_brand","embeddable":true,"href":"https:\/\/europe.dlasint.com\/pt\/wp-json\/wp\/v2\/product_brand?post=2398"},{"taxonomy":"product_cat","embeddable":true,"href":"https:\/\/europe.dlasint.com\/pt\/wp-json\/wp\/v2\/product_cat?post=2398"},{"taxonomy":"product_tag","embeddable":true,"href":"https:\/\/europe.dlasint.com\/pt\/wp-json\/wp\/v2\/product_tag?post=2398"}],"curies":[{"name":"wp","href":"https:\/\/api.w.org\/{rel}","templated":true}]}}