







{"id":2388,"date":"2022-01-27T08:07:23","date_gmt":"2022-01-27T08:07:23","guid":{"rendered":"https:\/\/dlaseuro.wpengine.com\/product\/cooling-organic-scalp-massage-oil\/"},"modified":"2023-04-01T05:33:06","modified_gmt":"2023-04-01T05:33:06","slug":"cooling-organic-scalp-massage-oil","status":"publish","type":"product","link":"https:\/\/europe.dlasint.com\/pt\/produto\/cooling-organic-scalp-massage-oil\/","title":{"rendered":"\u00d3leo de massagem org\u00e2nico refrescante para o couro cabeludo"},"content":{"rendered":"<p>Nosso exclusivo \u00f3leo de massagem de mistura de spa enriquecido com \u00f3leo de capim-lim\u00e3o aut\u00eantico 100%, \u00f3leo de hortel\u00e3-pimenta, \u00f3leo de eucalipto, \u00f3leo de lavanda, \u00f3leo de vetiver e \u00f3leo de coco virgem ajuda a acalmar e relaxar a mente e o corpo com suas propriedades refrescantes.<\/p>\n<p>As propriedades nutritivas da f\u00f3rmula ajudam a aumentar o fluxo sangu\u00edneo, promovem um couro cabeludo saud\u00e1vel, deixando-o macio e tonificado, al\u00e9m de proporcionar uma sensa\u00e7\u00e3o refrescante.<\/p>","protected":false},"excerpt":{"rendered":"<p>Um toque refrescante de hortel\u00e3-pimenta, capim-lim\u00e3o, eucalipto e outros \u00f3leos naturais para relaxar.<\/p>","protected":false},"featured_media":2853,"comment_status":"open","ping_status":"closed","template":"","meta":{"_acf_changed":false,"footnotes":""},"product_brand":[],"product_cat":[215,411,357],"product_tag":[],"class_list":{"0":"post-2388","1":"product","2":"type-product","3":"status-publish","4":"has-post-thumbnail","6":"product_cat-cooling-range","7":"product_cat-massage-oils","8":"product_cat-women","10":"first","11":"instock","12":"shipping-taxable","13":"purchasable","14":"product-type-simple","15":"add-to-wishlist-before_image"},"acf":[],"_links":{"self":[{"href":"https:\/\/europe.dlasint.com\/pt\/wp-json\/wp\/v2\/product\/2388","targetHints":{"allow":["GET"]}}],"collection":[{"href":"https:\/\/europe.dlasint.com\/pt\/wp-json\/wp\/v2\/product"}],"about":[{"href":"https:\/\/europe.dlasint.com\/pt\/wp-json\/wp\/v2\/types\/product"}],"replies":[{"embeddable":true,"href":"https:\/\/europe.dlasint.com\/pt\/wp-json\/wp\/v2\/comments?post=2388"}],"version-history":[{"count":0,"href":"https:\/\/europe.dlasint.com\/pt\/wp-json\/wp\/v2\/product\/2388\/revisions"}],"wp:featuredmedia":[{"embeddable":true,"href":"https:\/\/europe.dlasint.com\/pt\/wp-json\/wp\/v2\/media\/2853"}],"wp:attachment":[{"href":"https:\/\/europe.dlasint.com\/pt\/wp-json\/wp\/v2\/media?parent=2388"}],"wp:term":[{"taxonomy":"product_brand","embeddable":true,"href":"https:\/\/europe.dlasint.com\/pt\/wp-json\/wp\/v2\/product_brand?post=2388"},{"taxonomy":"product_cat","embeddable":true,"href":"https:\/\/europe.dlasint.com\/pt\/wp-json\/wp\/v2\/product_cat?post=2388"},{"taxonomy":"product_tag","embeddable":true,"href":"https:\/\/europe.dlasint.com\/pt\/wp-json\/wp\/v2\/product_tag?post=2388"}],"curies":[{"name":"wp","href":"https:\/\/api.w.org\/{rel}","templated":true}]}}