







{"id":2386,"date":"2022-01-27T08:07:23","date_gmt":"2022-01-27T08:07:23","guid":{"rendered":"https:\/\/dlaseuro.wpengine.com\/product\/soothing-balm\/"},"modified":"2025-07-29T17:30:25","modified_gmt":"2025-07-29T17:30:25","slug":"soothing-balm","status":"publish","type":"product","link":"https:\/\/europe.dlasint.com\/pt\/produto\/soothing-balm\/","title":{"rendered":"b\u00e1lsamo calmante"},"content":{"rendered":"<p>Uma f\u00f3rmula n\u00e3o oleosa e de r\u00e1pida absor\u00e7\u00e3o que pode ser usada em qualquer lugar ou sempre que voc\u00ea precisar.<\/p>\n<p>Enriquecido com \u00f3leos naturais 100% de gengibre, pimenta preta, cravo, a\u00e7afr\u00e3o e coco virgem combinados com cera de abelha, esta mistura potente ajuda a aliviar a tens\u00e3o, proporcionar al\u00edvio e acalmar o corpo, a mente e a alma.<\/p>\n<p>Pode ser usado no dia a dia e n\u00e3o pode faltar na bolsa.<\/p>","protected":false},"excerpt":{"rendered":"<p>Acalme seus sentidos com as propriedades curativas naturais desta mistura de ervas para proporcionar al\u00edvio r\u00e1pido para pequenas dores musculares.<\/p>","protected":false},"featured_media":2846,"comment_status":"open","ping_status":"closed","template":"","meta":{"_acf_changed":false,"footnotes":""},"product_brand":[],"product_cat":[412,214,357],"product_tag":[],"class_list":{"0":"post-2386","1":"product","2":"type-product","3":"status-publish","4":"has-post-thumbnail","6":"product_cat-aromatherapy-balms","7":"product_cat-soothing-range","8":"product_cat-women","10":"first","11":"instock","12":"shipping-taxable","13":"purchasable","14":"product-type-simple","15":"add-to-wishlist-before_image"},"acf":[],"_links":{"self":[{"href":"https:\/\/europe.dlasint.com\/pt\/wp-json\/wp\/v2\/product\/2386","targetHints":{"allow":["GET"]}}],"collection":[{"href":"https:\/\/europe.dlasint.com\/pt\/wp-json\/wp\/v2\/product"}],"about":[{"href":"https:\/\/europe.dlasint.com\/pt\/wp-json\/wp\/v2\/types\/product"}],"replies":[{"embeddable":true,"href":"https:\/\/europe.dlasint.com\/pt\/wp-json\/wp\/v2\/comments?post=2386"}],"version-history":[{"count":0,"href":"https:\/\/europe.dlasint.com\/pt\/wp-json\/wp\/v2\/product\/2386\/revisions"}],"wp:featuredmedia":[{"embeddable":true,"href":"https:\/\/europe.dlasint.com\/pt\/wp-json\/wp\/v2\/media\/2846"}],"wp:attachment":[{"href":"https:\/\/europe.dlasint.com\/pt\/wp-json\/wp\/v2\/media?parent=2386"}],"wp:term":[{"taxonomy":"product_brand","embeddable":true,"href":"https:\/\/europe.dlasint.com\/pt\/wp-json\/wp\/v2\/product_brand?post=2386"},{"taxonomy":"product_cat","embeddable":true,"href":"https:\/\/europe.dlasint.com\/pt\/wp-json\/wp\/v2\/product_cat?post=2386"},{"taxonomy":"product_tag","embeddable":true,"href":"https:\/\/europe.dlasint.com\/pt\/wp-json\/wp\/v2\/product_tag?post=2386"}],"curies":[{"name":"wp","href":"https:\/\/api.w.org\/{rel}","templated":true}]}}