







{"id":2385,"date":"2022-01-27T08:07:23","date_gmt":"2022-01-27T08:07:23","guid":{"rendered":"https:\/\/dlaseuro.wpengine.com\/product\/soothing-organic-massage-oil\/"},"modified":"2023-04-01T05:32:55","modified_gmt":"2023-04-01T05:32:55","slug":"soothing-organic-massage-oil","status":"publish","type":"product","link":"https:\/\/europe.dlasint.com\/pt\/produto\/soothing-organic-massage-oil\/","title":{"rendered":"\u00d3leo de Massagem Org\u00e2nico Calmante"},"content":{"rendered":"<p>Nosso exclusivo \u00f3leo de massagem de mistura de spa enriquecido com \u00f3leo de cravo aut\u00eantico 100%, \u00f3leo de pimenta preta, \u00f3leo de gengibre, \u00f3leo de a\u00e7afr\u00e3o e \u00f3leo de coco virgem ajuda a acalmar e relaxar a mente e o corpo.<\/p>\n<p>As propriedades nutritivas da f\u00f3rmula ajudam a acalmar e promover a sa\u00fade da pele, deixando-a macia e flex\u00edvel.<\/p>","protected":false},"excerpt":{"rendered":"<p>Leve a sua mente cansada para um ambiente relaxante com o aroma dos \u00f3leos naturais 100%. Acalme e alivie seu corpo, mente e alma.<\/p>","protected":false},"featured_media":2848,"comment_status":"open","ping_status":"closed","template":"","meta":{"_acf_changed":false,"footnotes":""},"product_brand":[],"product_cat":[411,214,357],"product_tag":[],"class_list":{"0":"post-2385","1":"product","2":"type-product","3":"status-publish","4":"has-post-thumbnail","6":"product_cat-massage-oils","7":"product_cat-soothing-range","8":"product_cat-women","10":"first","11":"instock","12":"shipping-taxable","13":"purchasable","14":"product-type-simple","15":"add-to-wishlist-before_image"},"acf":[],"_links":{"self":[{"href":"https:\/\/europe.dlasint.com\/pt\/wp-json\/wp\/v2\/product\/2385","targetHints":{"allow":["GET"]}}],"collection":[{"href":"https:\/\/europe.dlasint.com\/pt\/wp-json\/wp\/v2\/product"}],"about":[{"href":"https:\/\/europe.dlasint.com\/pt\/wp-json\/wp\/v2\/types\/product"}],"replies":[{"embeddable":true,"href":"https:\/\/europe.dlasint.com\/pt\/wp-json\/wp\/v2\/comments?post=2385"}],"version-history":[{"count":0,"href":"https:\/\/europe.dlasint.com\/pt\/wp-json\/wp\/v2\/product\/2385\/revisions"}],"wp:featuredmedia":[{"embeddable":true,"href":"https:\/\/europe.dlasint.com\/pt\/wp-json\/wp\/v2\/media\/2848"}],"wp:attachment":[{"href":"https:\/\/europe.dlasint.com\/pt\/wp-json\/wp\/v2\/media?parent=2385"}],"wp:term":[{"taxonomy":"product_brand","embeddable":true,"href":"https:\/\/europe.dlasint.com\/pt\/wp-json\/wp\/v2\/product_brand?post=2385"},{"taxonomy":"product_cat","embeddable":true,"href":"https:\/\/europe.dlasint.com\/pt\/wp-json\/wp\/v2\/product_cat?post=2385"},{"taxonomy":"product_tag","embeddable":true,"href":"https:\/\/europe.dlasint.com\/pt\/wp-json\/wp\/v2\/product_tag?post=2385"}],"curies":[{"name":"wp","href":"https:\/\/api.w.org\/{rel}","templated":true}]}}