







{"id":2382,"date":"2022-01-27T08:07:22","date_gmt":"2022-01-27T08:07:22","guid":{"rendered":"https:\/\/dlaseuro.wpengine.com\/product\/rejuvenating-organic-massage-oil\/"},"modified":"2023-04-01T05:33:32","modified_gmt":"2023-04-01T05:33:32","slug":"rejuvenating-organic-massage-oil","status":"publish","type":"product","link":"https:\/\/europe.dlasint.com\/pt\/produto\/rejuvenating-organic-massage-oil\/","title":{"rendered":"\u00d3leo de massagem org\u00e2nico rejuvenescedor"},"content":{"rendered":"<p>Nosso \u00f3leo de massagem exclusivo para spa, enriquecido com \u00f3leo de lavanda aut\u00eantico 100%, \u00f3leo de patchouli e \u00f3leo de coco virgem, \u00e9 ideal para o bem-estar di\u00e1rio e ajuda a aumentar a consci\u00eancia e elevar seu esp\u00edrito.<\/p>\n<p>Al\u00e9m disso, as propriedades nutritivas da f\u00f3rmula acalmam o corpo, ao mesmo tempo que ajudam a reparar e firmar a pele, deixando-a macia e tonificada.<\/p>","protected":false},"excerpt":{"rendered":"<p>Ideal para o bem-estar di\u00e1rio. Infundido com \u00f3leos calmantes de Lavanda e Patchouli que far\u00e3o voc\u00ea se lembrar de um destino relaxante.<\/p>","protected":false},"featured_media":2866,"comment_status":"open","ping_status":"closed","template":"","meta":{"_acf_changed":false,"footnotes":""},"product_brand":[],"product_cat":[411,213,357],"product_tag":[],"class_list":{"0":"post-2382","1":"product","2":"type-product","3":"status-publish","4":"has-post-thumbnail","6":"product_cat-massage-oils","7":"product_cat-rejuvenating-range","8":"product_cat-women","10":"first","11":"instock","12":"shipping-taxable","13":"purchasable","14":"product-type-simple","15":"add-to-wishlist-before_image"},"acf":[],"_links":{"self":[{"href":"https:\/\/europe.dlasint.com\/pt\/wp-json\/wp\/v2\/product\/2382","targetHints":{"allow":["GET"]}}],"collection":[{"href":"https:\/\/europe.dlasint.com\/pt\/wp-json\/wp\/v2\/product"}],"about":[{"href":"https:\/\/europe.dlasint.com\/pt\/wp-json\/wp\/v2\/types\/product"}],"replies":[{"embeddable":true,"href":"https:\/\/europe.dlasint.com\/pt\/wp-json\/wp\/v2\/comments?post=2382"}],"version-history":[{"count":0,"href":"https:\/\/europe.dlasint.com\/pt\/wp-json\/wp\/v2\/product\/2382\/revisions"}],"wp:featuredmedia":[{"embeddable":true,"href":"https:\/\/europe.dlasint.com\/pt\/wp-json\/wp\/v2\/media\/2866"}],"wp:attachment":[{"href":"https:\/\/europe.dlasint.com\/pt\/wp-json\/wp\/v2\/media?parent=2382"}],"wp:term":[{"taxonomy":"product_brand","embeddable":true,"href":"https:\/\/europe.dlasint.com\/pt\/wp-json\/wp\/v2\/product_brand?post=2382"},{"taxonomy":"product_cat","embeddable":true,"href":"https:\/\/europe.dlasint.com\/pt\/wp-json\/wp\/v2\/product_cat?post=2382"},{"taxonomy":"product_tag","embeddable":true,"href":"https:\/\/europe.dlasint.com\/pt\/wp-json\/wp\/v2\/product_tag?post=2382"}],"curies":[{"name":"wp","href":"https:\/\/api.w.org\/{rel}","templated":true}]}}