







{"id":2381,"date":"2022-01-27T08:07:22","date_gmt":"2022-01-27T08:07:22","guid":{"rendered":"https:\/\/dlaseuro.wpengine.com\/product\/fresh-invigorating-handmade-face-soap\/"},"modified":"2023-04-01T05:02:59","modified_gmt":"2023-04-01T05:02:59","slug":"fresh-invigorating-handmade-face-soap","status":"publish","type":"product","link":"https:\/\/europe.dlasint.com\/pt\/produto\/fresh-invigorating-handmade-face-soap\/","title":{"rendered":"Sabonete facial fresco e revigorante feito \u00e0 m\u00e3o"},"content":{"rendered":"<p>O Sabonete Facial Artesanal D&#039;Las Fresh &amp; Invigorating \u00e9 adequado para todos os tipos de pele. Enriquecido com \u00f3leo de coco org\u00e2nico, \u00f3leo de r\u00edcino, \u00f3leo de semente de girassol, \u00f3leo de lim\u00e3o e \u00f3leo de eucalipto, ele limpa profundamente sua pele delicada, proporcionando prote\u00e7\u00e3o completa.<\/p>\n<p>Esses ingredientes naturais ajudam a revitalizar e dar brilho \u00e0 sua pele, eliminando c\u00e9lulas mortas e outras impurezas que podem obstruir os poros.<\/p>\n<p>Este ador\u00e1vel, bot\u00e2nico e delicioso sabonete facial artesanal \u00e9 o primeiro passo na sua rotina de cuidados com a pele.<\/p>","protected":false},"excerpt":{"rendered":"<p>Ensaboe-se com lim\u00e3o e eucalipto naturais para refrescar o seu dia. Para um frescor ininterrupto o dia todo!<\/p>","protected":false},"featured_media":2693,"comment_status":"open","ping_status":"closed","template":"","meta":{"_acf_changed":false,"footnotes":""},"product_brand":[],"product_cat":[211,410,357],"product_tag":[],"class_list":{"0":"post-2381","1":"product","2":"type-product","3":"status-publish","4":"has-post-thumbnail","6":"product_cat-fresh-invigorating-range","7":"product_cat-handmade-face-soap-face","8":"product_cat-women","10":"first","11":"instock","12":"shipping-taxable","13":"purchasable","14":"product-type-simple","15":"add-to-wishlist-before_image"},"acf":[],"_links":{"self":[{"href":"https:\/\/europe.dlasint.com\/pt\/wp-json\/wp\/v2\/product\/2381","targetHints":{"allow":["GET"]}}],"collection":[{"href":"https:\/\/europe.dlasint.com\/pt\/wp-json\/wp\/v2\/product"}],"about":[{"href":"https:\/\/europe.dlasint.com\/pt\/wp-json\/wp\/v2\/types\/product"}],"replies":[{"embeddable":true,"href":"https:\/\/europe.dlasint.com\/pt\/wp-json\/wp\/v2\/comments?post=2381"}],"version-history":[{"count":0,"href":"https:\/\/europe.dlasint.com\/pt\/wp-json\/wp\/v2\/product\/2381\/revisions"}],"wp:featuredmedia":[{"embeddable":true,"href":"https:\/\/europe.dlasint.com\/pt\/wp-json\/wp\/v2\/media\/2693"}],"wp:attachment":[{"href":"https:\/\/europe.dlasint.com\/pt\/wp-json\/wp\/v2\/media?parent=2381"}],"wp:term":[{"taxonomy":"product_brand","embeddable":true,"href":"https:\/\/europe.dlasint.com\/pt\/wp-json\/wp\/v2\/product_brand?post=2381"},{"taxonomy":"product_cat","embeddable":true,"href":"https:\/\/europe.dlasint.com\/pt\/wp-json\/wp\/v2\/product_cat?post=2381"},{"taxonomy":"product_tag","embeddable":true,"href":"https:\/\/europe.dlasint.com\/pt\/wp-json\/wp\/v2\/product_tag?post=2381"}],"curies":[{"name":"wp","href":"https:\/\/api.w.org\/{rel}","templated":true}]}}