







{"id":2376,"date":"2022-01-27T08:07:20","date_gmt":"2022-01-27T08:07:20","guid":{"rendered":"https:\/\/dlaseuro.wpengine.com\/product\/fresh-invigorating-shower-gel\/"},"modified":"2024-11-30T16:30:30","modified_gmt":"2024-11-30T16:30:30","slug":"fresh-invigorating-shower-gel","status":"publish","type":"product","link":"https:\/\/europe.dlasint.com\/pt\/produto\/fresh-invigorating-shower-gel\/","title":{"rendered":"Gel de banho fresco e revigorante"},"content":{"rendered":"<p>O Gel de Banho D&#039;Las Fresh &amp; Invigorating, enriquecido com \u00f3leo natural de lim\u00e3o e eucalipto 100%, \u00e9 adequado para pele oleosa. Esta f\u00f3rmula espl\u00eandida ajuda a remover sujeira e impurezas, deixando sua pele com apar\u00eancia saud\u00e1vel.<\/p>\n<p>Com sua textura leve, este gel de banho \u00e9 ideal para limpar profundamente a pele, removendo c\u00e9lulas mortas e mantendo-a limpa, fresca e levemente perfumada.<\/p>","protected":false},"excerpt":{"rendered":"<p>Uma experi\u00eancia refrescante de banho com lim\u00e3o e eucalipto. Refresque sua pele e fortale\u00e7a sua imunidade!<\/p>","protected":false},"featured_media":2728,"comment_status":"open","ping_status":"closed","template":"","meta":{"_acf_changed":false,"footnotes":""},"product_brand":[],"product_cat":[211,383,357],"product_tag":[],"class_list":{"0":"post-2376","1":"product","2":"type-product","3":"status-publish","4":"has-post-thumbnail","6":"product_cat-fresh-invigorating-range","7":"product_cat-shower-gel-body","8":"product_cat-women","10":"first","11":"instock","12":"shipping-taxable","13":"purchasable","14":"product-type-simple","15":"add-to-wishlist-before_image"},"acf":[],"_links":{"self":[{"href":"https:\/\/europe.dlasint.com\/pt\/wp-json\/wp\/v2\/product\/2376","targetHints":{"allow":["GET"]}}],"collection":[{"href":"https:\/\/europe.dlasint.com\/pt\/wp-json\/wp\/v2\/product"}],"about":[{"href":"https:\/\/europe.dlasint.com\/pt\/wp-json\/wp\/v2\/types\/product"}],"replies":[{"embeddable":true,"href":"https:\/\/europe.dlasint.com\/pt\/wp-json\/wp\/v2\/comments?post=2376"}],"version-history":[{"count":0,"href":"https:\/\/europe.dlasint.com\/pt\/wp-json\/wp\/v2\/product\/2376\/revisions"}],"wp:featuredmedia":[{"embeddable":true,"href":"https:\/\/europe.dlasint.com\/pt\/wp-json\/wp\/v2\/media\/2728"}],"wp:attachment":[{"href":"https:\/\/europe.dlasint.com\/pt\/wp-json\/wp\/v2\/media?parent=2376"}],"wp:term":[{"taxonomy":"product_brand","embeddable":true,"href":"https:\/\/europe.dlasint.com\/pt\/wp-json\/wp\/v2\/product_brand?post=2376"},{"taxonomy":"product_cat","embeddable":true,"href":"https:\/\/europe.dlasint.com\/pt\/wp-json\/wp\/v2\/product_cat?post=2376"},{"taxonomy":"product_tag","embeddable":true,"href":"https:\/\/europe.dlasint.com\/pt\/wp-json\/wp\/v2\/product_tag?post=2376"}],"curies":[{"name":"wp","href":"https:\/\/api.w.org\/{rel}","templated":true}]}}