







{"id":2363,"date":"2022-01-27T08:07:19","date_gmt":"2022-01-27T08:07:19","guid":{"rendered":"https:\/\/dlaseuro.wpengine.com\/product\/cleansing-balancing-handmade-face-soap\/"},"modified":"2023-04-01T05:03:12","modified_gmt":"2023-04-01T05:03:12","slug":"cleansing-balancing-handmade-face-soap","status":"publish","type":"product","link":"https:\/\/europe.dlasint.com\/pt\/produto\/cleansing-balancing-handmade-face-soap\/","title":{"rendered":"Sabonete facial artesanal de limpeza e equil\u00edbrio"},"content":{"rendered":"<p>The D&#8217;Las Cleansing &amp; Balancing Handmade Face Soap is suitable for all skin types. Enriched with organic Coconut oil, Castor oil, Sunflower seed oil, Active Charcoal, and Tea Tree oil, it will deep cleanse your delicate skin, providing overall skin protection.<\/p>\n<p>These natural ingredients help to detoxify your skin by getting rid of dead skin cells while leaving your skin a youthful glow and a smooth texture<\/p>\n<p>Este ador\u00e1vel, bot\u00e2nico e delicioso sabonete facial artesanal \u00e9 o primeiro passo na sua rotina de cuidados com a pele.<\/p>","protected":false},"excerpt":{"rendered":"<p>Enjoy the freshness with Active Charcoal and Tea Tree essence. For a smooth, clear, and clean face all day!<\/p>","protected":false},"featured_media":4274,"comment_status":"open","ping_status":"closed","template":"","meta":{"_acf_changed":false,"footnotes":""},"product_brand":[],"product_cat":[208,410,357],"product_tag":[],"class_list":{"0":"post-2363","1":"product","2":"type-product","3":"status-publish","4":"has-post-thumbnail","6":"product_cat-cleansing-balancing-range","7":"product_cat-handmade-face-soap-face","8":"product_cat-women","10":"first","11":"instock","12":"shipping-taxable","13":"purchasable","14":"product-type-simple","15":"add-to-wishlist-before_image"},"acf":[],"_links":{"self":[{"href":"https:\/\/europe.dlasint.com\/pt\/wp-json\/wp\/v2\/product\/2363","targetHints":{"allow":["GET"]}}],"collection":[{"href":"https:\/\/europe.dlasint.com\/pt\/wp-json\/wp\/v2\/product"}],"about":[{"href":"https:\/\/europe.dlasint.com\/pt\/wp-json\/wp\/v2\/types\/product"}],"replies":[{"embeddable":true,"href":"https:\/\/europe.dlasint.com\/pt\/wp-json\/wp\/v2\/comments?post=2363"}],"version-history":[{"count":0,"href":"https:\/\/europe.dlasint.com\/pt\/wp-json\/wp\/v2\/product\/2363\/revisions"}],"wp:featuredmedia":[{"embeddable":true,"href":"https:\/\/europe.dlasint.com\/pt\/wp-json\/wp\/v2\/media\/4274"}],"wp:attachment":[{"href":"https:\/\/europe.dlasint.com\/pt\/wp-json\/wp\/v2\/media?parent=2363"}],"wp:term":[{"taxonomy":"product_brand","embeddable":true,"href":"https:\/\/europe.dlasint.com\/pt\/wp-json\/wp\/v2\/product_brand?post=2363"},{"taxonomy":"product_cat","embeddable":true,"href":"https:\/\/europe.dlasint.com\/pt\/wp-json\/wp\/v2\/product_cat?post=2363"},{"taxonomy":"product_tag","embeddable":true,"href":"https:\/\/europe.dlasint.com\/pt\/wp-json\/wp\/v2\/product_tag?post=2363"}],"curies":[{"name":"wp","href":"https:\/\/api.w.org\/{rel}","templated":true}]}}