







{"id":4068,"date":"2022-02-22T10:39:25","date_gmt":"2022-02-22T10:39:25","guid":{"rendered":"https:\/\/dlaseuro.wpengine.com\/?post_type=product&#038;p=4068"},"modified":"2023-04-04T07:55:53","modified_gmt":"2023-04-04T07:55:53","slug":"tea-tree-melaleuca-alternifolia","status":"publish","type":"product","link":"https:\/\/europe.dlasint.com\/pl\/produkt\/tea-tree-melaleuca-alternifolia\/","title":{"rendered":"Drzewo herbaciane (Melaleuca alternifolia)"},"content":{"rendered":"<p>Ten olejek przeciwzapalny jest bogaty w w\u0142a\u015bciwo\u015bci przeciwgrzybicze, przeciwwirusowe i inne cenne w\u0142a\u015bciwo\u015bci. Jest przezroczysty, o \u017c\u00f3\u0142tawym odcieniu i \u015bwie\u017cym, drzewnym, ziemistym i zio\u0142owym zapachu.<\/p>\n<p>Zawarto\u015b\u0107 netto \u2013 20 ml<\/p>","protected":false},"excerpt":{"rendered":"<p>Olejek eteryczny z drzewa herbacianego D&#039;las Tea Tree (Maleluca) jest w 100% naturalny i czysty, o wysokim st\u0119\u017ceniu i wyj\u0105tkowym aromacie drzewa herbacianego.<\/p>","protected":false},"featured_media":4095,"comment_status":"open","ping_status":"closed","template":"","meta":{"_acf_changed":false,"footnotes":""},"product_brand":[],"product_cat":[336],"product_tag":[],"class_list":{"0":"post-4068","1":"product","2":"type-product","3":"status-publish","4":"has-post-thumbnail","6":"product_cat-essential-oils","8":"first","9":"outofstock","10":"shipping-taxable","11":"purchasable","12":"product-type-simple","13":"add-to-wishlist-before_image"},"acf":[],"_links":{"self":[{"href":"https:\/\/europe.dlasint.com\/pl\/wp-json\/wp\/v2\/product\/4068","targetHints":{"allow":["GET"]}}],"collection":[{"href":"https:\/\/europe.dlasint.com\/pl\/wp-json\/wp\/v2\/product"}],"about":[{"href":"https:\/\/europe.dlasint.com\/pl\/wp-json\/wp\/v2\/types\/product"}],"replies":[{"embeddable":true,"href":"https:\/\/europe.dlasint.com\/pl\/wp-json\/wp\/v2\/comments?post=4068"}],"version-history":[{"count":0,"href":"https:\/\/europe.dlasint.com\/pl\/wp-json\/wp\/v2\/product\/4068\/revisions"}],"wp:featuredmedia":[{"embeddable":true,"href":"https:\/\/europe.dlasint.com\/pl\/wp-json\/wp\/v2\/media\/4095"}],"wp:attachment":[{"href":"https:\/\/europe.dlasint.com\/pl\/wp-json\/wp\/v2\/media?parent=4068"}],"wp:term":[{"taxonomy":"product_brand","embeddable":true,"href":"https:\/\/europe.dlasint.com\/pl\/wp-json\/wp\/v2\/product_brand?post=4068"},{"taxonomy":"product_cat","embeddable":true,"href":"https:\/\/europe.dlasint.com\/pl\/wp-json\/wp\/v2\/product_cat?post=4068"},{"taxonomy":"product_tag","embeddable":true,"href":"https:\/\/europe.dlasint.com\/pl\/wp-json\/wp\/v2\/product_tag?post=4068"}],"curies":[{"name":"wp","href":"https:\/\/api.w.org\/{rel}","templated":true}]}}