







{"id":2403,"date":"2022-01-27T08:07:24","date_gmt":"2022-01-27T08:07:24","guid":{"rendered":"https:\/\/dlaseuro.wpengine.com\/product\/pandan-foaming-facial-cleanser\/"},"modified":"2023-04-01T05:13:13","modified_gmt":"2023-04-01T05:13:13","slug":"pandan-foaming-facial-cleanser","status":"publish","type":"product","link":"https:\/\/europe.dlasint.com\/pl\/produkt\/pandan-foaming-facial-cleanser\/","title":{"rendered":"Pianka do mycia twarzy Pandan"},"content":{"rendered":"<p>D&#039;Las Pandan- Acne Fighting Foaming Facial Cleanser to bezsiarczanowa, \u0142agodna pianka oczyszczaj\u0105ca, wzbogacona ekstraktami z Pandanu i Neem.<\/p>\n<p>Zar\u00f3wno ekstrakty z pandanu, jak i miodli indyjskiej maj\u0105 zdolno\u015b\u0107 skutecznej walki z tr\u0105dzikiem, regulowania gospodarki olejowej sk\u00f3ry twarzy i zmniejszania widoczno\u015bci por\u00f3w.<\/p>\n<p>Kremowa piana tej zaawansowanej formu\u0142y szybko si\u0119 pieni i pomaga g\u0142\u0119boko oczy\u015bci\u0107, usuwaj\u0105c brud i zanieczyszczenia, nie powoduj\u0105c uczucia \u015bci\u0105gni\u0119cia sk\u00f3ry.<\/p>","protected":false},"excerpt":{"rendered":"<p>L\u015bnij ju\u017c przy pierwszym myciu! Ekstrakty Pandan i Neem usuwaj\u0105 nadmiar sebum, brud i zanieczyszczenia, pozostawiaj\u0105c czyst\u0105, od\u015bwie\u017con\u0105 sk\u00f3r\u0119.<\/p>","protected":false},"featured_media":3675,"comment_status":"open","ping_status":"closed","template":"","meta":{"_acf_changed":false,"footnotes":""},"product_brand":[],"product_cat":[221,414,357],"product_tag":[],"class_list":{"0":"post-2403","1":"product","2":"type-product","3":"status-publish","4":"has-post-thumbnail","6":"product_cat-foam-cleansers","7":"product_cat-foaming-cleansers","8":"product_cat-women","10":"first","11":"instock","12":"shipping-taxable","13":"purchasable","14":"product-type-simple","15":"add-to-wishlist-before_image"},"acf":[],"_links":{"self":[{"href":"https:\/\/europe.dlasint.com\/pl\/wp-json\/wp\/v2\/product\/2403","targetHints":{"allow":["GET"]}}],"collection":[{"href":"https:\/\/europe.dlasint.com\/pl\/wp-json\/wp\/v2\/product"}],"about":[{"href":"https:\/\/europe.dlasint.com\/pl\/wp-json\/wp\/v2\/types\/product"}],"replies":[{"embeddable":true,"href":"https:\/\/europe.dlasint.com\/pl\/wp-json\/wp\/v2\/comments?post=2403"}],"version-history":[{"count":0,"href":"https:\/\/europe.dlasint.com\/pl\/wp-json\/wp\/v2\/product\/2403\/revisions"}],"wp:featuredmedia":[{"embeddable":true,"href":"https:\/\/europe.dlasint.com\/pl\/wp-json\/wp\/v2\/media\/3675"}],"wp:attachment":[{"href":"https:\/\/europe.dlasint.com\/pl\/wp-json\/wp\/v2\/media?parent=2403"}],"wp:term":[{"taxonomy":"product_brand","embeddable":true,"href":"https:\/\/europe.dlasint.com\/pl\/wp-json\/wp\/v2\/product_brand?post=2403"},{"taxonomy":"product_cat","embeddable":true,"href":"https:\/\/europe.dlasint.com\/pl\/wp-json\/wp\/v2\/product_cat?post=2403"},{"taxonomy":"product_tag","embeddable":true,"href":"https:\/\/europe.dlasint.com\/pl\/wp-json\/wp\/v2\/product_tag?post=2403"}],"curies":[{"name":"wp","href":"https:\/\/api.w.org\/{rel}","templated":true}]}}