







{"id":3156,"date":"2022-01-29T09:01:06","date_gmt":"2022-01-29T09:01:06","guid":{"rendered":"https:\/\/dlaseuro.wpengine.com\/?page_id=3156"},"modified":"2022-01-30T09:45:08","modified_gmt":"2022-01-30T09:45:08","slug":"global-presence-achievements","status":"publish","type":"page","link":"https:\/\/europe.dlasint.com\/pl\/global-presence-achievements\/","title":{"rendered":"Globalna obecno\u015b\u0107 i osi\u0105gni\u0119cia"},"content":{"rendered":"","protected":false},"excerpt":{"rendered":"","protected":false},"author":3,"featured_media":0,"parent":0,"menu_order":6,"comment_status":"closed","ping_status":"closed","template":"","meta":{"_acf_changed":false,"footnotes":""},"class_list":["post-3156","page","type-page","status-publish","hentry"],"acf":[],"_links":{"self":[{"href":"https:\/\/europe.dlasint.com\/pl\/wp-json\/wp\/v2\/pages\/3156","targetHints":{"allow":["GET"]}}],"collection":[{"href":"https:\/\/europe.dlasint.com\/pl\/wp-json\/wp\/v2\/pages"}],"about":[{"href":"https:\/\/europe.dlasint.com\/pl\/wp-json\/wp\/v2\/types\/page"}],"author":[{"embeddable":true,"href":"https:\/\/europe.dlasint.com\/pl\/wp-json\/wp\/v2\/users\/3"}],"replies":[{"embeddable":true,"href":"https:\/\/europe.dlasint.com\/pl\/wp-json\/wp\/v2\/comments?post=3156"}],"version-history":[{"count":0,"href":"https:\/\/europe.dlasint.com\/pl\/wp-json\/wp\/v2\/pages\/3156\/revisions"}],"wp:attachment":[{"href":"https:\/\/europe.dlasint.com\/pl\/wp-json\/wp\/v2\/media?parent=3156"}],"curies":[{"name":"wp","href":"https:\/\/api.w.org\/{rel}","templated":true}]}}