







{"id":4076,"date":"2022-02-22T10:58:04","date_gmt":"2022-02-22T10:58:04","guid":{"rendered":"https:\/\/dlaseuro.wpengine.com\/?post_type=product&#038;p=4076"},"modified":"2025-05-26T05:09:42","modified_gmt":"2025-05-26T05:09:42","slug":"oud-shampoo","status":"publish","type":"product","link":"https:\/\/europe.dlasint.com\/mt\/product\/oud-shampoo\/","title":{"rendered":"OUD Shampoo"},"content":{"rendered":"<p>Ag\u0127ti kura lussu\u017ca lix-xag\u0127ar u l-qorrieg\u0127a tieg\u0127ek bix-Shampoo D&#039;las OUD.<\/p>\n<p>Din il-formulazzjoni hija mfassla biex ittejjeb il-leqq u t-tleqqija tax-xag\u0127ar filwaqt li tnaqqas ix-xag\u0127ar imqaxxar. In-nuanza naturali ta\u017c-\u017bejt OUD senswali tispira \u010barezza tal-mo\u0127\u0127 biex tag\u0127tik esperjenza ta&#039; banju rilassanti.<\/p>","protected":false},"excerpt":{"rendered":"<p>Ag\u0127mel xag\u0127rek jiddi u jleqq bit-tjubija lussu\u017ca ta\u017c-\u017bejt OUD naturali.<\/p>","protected":false},"featured_media":4270,"comment_status":"open","ping_status":"closed","template":"","meta":{"_acf_changed":false,"footnotes":""},"product_brand":[],"product_cat":[255,341,385,357],"product_tag":[],"class_list":{"0":"post-4076","1":"product","2":"type-product","3":"status-publish","4":"has-post-thumbnail","6":"product_cat-new-arrivals","7":"product_cat-oud-range","8":"product_cat-shampoo-hair","9":"product_cat-women","11":"first","12":"instock","13":"featured","14":"shipping-taxable","15":"purchasable","16":"product-type-simple","17":"add-to-wishlist-before_image"},"acf":[],"_links":{"self":[{"href":"https:\/\/europe.dlasint.com\/mt\/wp-json\/wp\/v2\/product\/4076","targetHints":{"allow":["GET"]}}],"collection":[{"href":"https:\/\/europe.dlasint.com\/mt\/wp-json\/wp\/v2\/product"}],"about":[{"href":"https:\/\/europe.dlasint.com\/mt\/wp-json\/wp\/v2\/types\/product"}],"replies":[{"embeddable":true,"href":"https:\/\/europe.dlasint.com\/mt\/wp-json\/wp\/v2\/comments?post=4076"}],"version-history":[{"count":0,"href":"https:\/\/europe.dlasint.com\/mt\/wp-json\/wp\/v2\/product\/4076\/revisions"}],"wp:featuredmedia":[{"embeddable":true,"href":"https:\/\/europe.dlasint.com\/mt\/wp-json\/wp\/v2\/media\/4270"}],"wp:attachment":[{"href":"https:\/\/europe.dlasint.com\/mt\/wp-json\/wp\/v2\/media?parent=4076"}],"wp:term":[{"taxonomy":"product_brand","embeddable":true,"href":"https:\/\/europe.dlasint.com\/mt\/wp-json\/wp\/v2\/product_brand?post=4076"},{"taxonomy":"product_cat","embeddable":true,"href":"https:\/\/europe.dlasint.com\/mt\/wp-json\/wp\/v2\/product_cat?post=4076"},{"taxonomy":"product_tag","embeddable":true,"href":"https:\/\/europe.dlasint.com\/mt\/wp-json\/wp\/v2\/product_tag?post=4076"}],"curies":[{"name":"wp","href":"https:\/\/api.w.org\/{rel}","templated":true}]}}