







{"id":2345,"date":"2022-01-27T08:07:16","date_gmt":"2022-01-27T08:07:16","guid":{"rendered":"https:\/\/dlaseuro.wpengine.com\/product\/nil-katarolu-shower-gel\/"},"modified":"2023-04-01T05:15:07","modified_gmt":"2023-04-01T05:15:07","slug":"nil-katarolu-shower-gel","status":"publish","type":"product","link":"https:\/\/europe.dlasint.com\/mt\/product\/nil-katarolu-shower-gel\/","title":{"rendered":"Nil Katarolu Hydro Boosting Shower Gel"},"content":{"rendered":"<p>D&#039;Las Nil Katarolu Hydro Boosting Shower Gel huwa arrikkit bl-estratt naturali tal-Fjura Nil Katarolu, Aloe Vera, u ingredjenti o\u0127ra favur il-\u0121ilda li jnaddfu l-\u0121ilda tieg\u0127ek ming\u0127ajr ma tne\u0127\u0127i l-umdit\u00e0 \u017cejda.<\/p>\n<p>Din il-formula \u0127afifa tg\u0127in biex i\u017c\u017comm il-bilan\u010b ta\u017c-\u017cejt u l-umdit\u00e0 tal-\u0121ilda, tnaqqas il-velo\u010bit\u00e0 tas-sinjali bikrija tat-tixji\u0127, tg\u0127awwe\u0121 it-ton tal-\u0121ilda u \u017c\u017commok frisk il-\u0121urnata kollha.<\/p>","protected":false},"excerpt":{"rendered":"<p>Timla l-\u0121ilda xotta tieg\u0127ek bl-estratt Nil Katarolu. Nifs \u0121did lill-\u0121ilda u jibbilan\u010bja l-umdit\u00e0. Ibqa&#039; frisk kuljum!<\/p>","protected":false},"featured_media":2878,"comment_status":"open","ping_status":"closed","template":"","meta":{"_acf_changed":false,"footnotes":""},"product_brand":[],"product_cat":[255,205,383,357],"product_tag":[],"class_list":{"0":"post-2345","1":"product","2":"type-product","3":"status-publish","4":"has-post-thumbnail","6":"product_cat-new-arrivals","7":"product_cat-nil-katarolu-range","8":"product_cat-shower-gel-body","9":"product_cat-women","11":"first","12":"instock","13":"shipping-taxable","14":"purchasable","15":"product-type-simple","16":"add-to-wishlist-before_image"},"acf":[],"_links":{"self":[{"href":"https:\/\/europe.dlasint.com\/mt\/wp-json\/wp\/v2\/product\/2345","targetHints":{"allow":["GET"]}}],"collection":[{"href":"https:\/\/europe.dlasint.com\/mt\/wp-json\/wp\/v2\/product"}],"about":[{"href":"https:\/\/europe.dlasint.com\/mt\/wp-json\/wp\/v2\/types\/product"}],"replies":[{"embeddable":true,"href":"https:\/\/europe.dlasint.com\/mt\/wp-json\/wp\/v2\/comments?post=2345"}],"version-history":[{"count":0,"href":"https:\/\/europe.dlasint.com\/mt\/wp-json\/wp\/v2\/product\/2345\/revisions"}],"wp:featuredmedia":[{"embeddable":true,"href":"https:\/\/europe.dlasint.com\/mt\/wp-json\/wp\/v2\/media\/2878"}],"wp:attachment":[{"href":"https:\/\/europe.dlasint.com\/mt\/wp-json\/wp\/v2\/media?parent=2345"}],"wp:term":[{"taxonomy":"product_brand","embeddable":true,"href":"https:\/\/europe.dlasint.com\/mt\/wp-json\/wp\/v2\/product_brand?post=2345"},{"taxonomy":"product_cat","embeddable":true,"href":"https:\/\/europe.dlasint.com\/mt\/wp-json\/wp\/v2\/product_cat?post=2345"},{"taxonomy":"product_tag","embeddable":true,"href":"https:\/\/europe.dlasint.com\/mt\/wp-json\/wp\/v2\/product_tag?post=2345"}],"curies":[{"name":"wp","href":"https:\/\/api.w.org\/{rel}","templated":true}]}}