







{"id":2417,"date":"2022-01-27T08:07:27","date_gmt":"2022-01-27T08:07:27","guid":{"rendered":"https:\/\/dlaseuro.wpengine.com\/product\/pomegranate-lip-balm\/"},"modified":"2023-04-01T05:10:15","modified_gmt":"2023-04-01T05:10:15","slug":"pomegranate-lip-balm","status":"publish","type":"product","link":"https:\/\/europe.dlasint.com\/lv\/products\/pomegranate-lip-balm\/","title":{"rendered":"Gran\u0101t\u0101bolu l\u016bpu balzams"},"content":{"rendered":"<p>D\u2019Las Pomegranate Lip Balm helps to recover dry, chapped lips with its high nourishing properties. It also helps to protect the lips from dehydration and gives them a velvety shine.<\/p>\n<p>This buttery formula gives your lips a sweet delight while keeping them soft all day.<\/p>","protected":false},"excerpt":{"rendered":"<p>Seal your lips with moisture and keep them nourished all day with luscious fruity Pomegranate Lip Balm.<\/p>","protected":false},"featured_media":3681,"comment_status":"open","ping_status":"closed","template":"","meta":{"_acf_changed":false,"footnotes":""},"product_brand":[],"product_cat":[226,372,357],"product_tag":[],"class_list":{"0":"post-2417","1":"product","2":"type-product","3":"status-publish","4":"has-post-thumbnail","6":"product_cat-lip-care","7":"product_cat-lip-care-face","8":"product_cat-women","10":"first","11":"instock","12":"shipping-taxable","13":"purchasable","14":"product-type-simple","15":"add-to-wishlist-before_image"},"acf":[],"_links":{"self":[{"href":"https:\/\/europe.dlasint.com\/lv\/wp-json\/wp\/v2\/product\/2417","targetHints":{"allow":["GET"]}}],"collection":[{"href":"https:\/\/europe.dlasint.com\/lv\/wp-json\/wp\/v2\/product"}],"about":[{"href":"https:\/\/europe.dlasint.com\/lv\/wp-json\/wp\/v2\/types\/product"}],"replies":[{"embeddable":true,"href":"https:\/\/europe.dlasint.com\/lv\/wp-json\/wp\/v2\/comments?post=2417"}],"version-history":[{"count":0,"href":"https:\/\/europe.dlasint.com\/lv\/wp-json\/wp\/v2\/product\/2417\/revisions"}],"wp:featuredmedia":[{"embeddable":true,"href":"https:\/\/europe.dlasint.com\/lv\/wp-json\/wp\/v2\/media\/3681"}],"wp:attachment":[{"href":"https:\/\/europe.dlasint.com\/lv\/wp-json\/wp\/v2\/media?parent=2417"}],"wp:term":[{"taxonomy":"product_brand","embeddable":true,"href":"https:\/\/europe.dlasint.com\/lv\/wp-json\/wp\/v2\/product_brand?post=2417"},{"taxonomy":"product_cat","embeddable":true,"href":"https:\/\/europe.dlasint.com\/lv\/wp-json\/wp\/v2\/product_cat?post=2417"},{"taxonomy":"product_tag","embeddable":true,"href":"https:\/\/europe.dlasint.com\/lv\/wp-json\/wp\/v2\/product_tag?post=2417"}],"curies":[{"name":"wp","href":"https:\/\/api.w.org\/{rel}","templated":true}]}}