







{"id":2350,"date":"2022-01-27T08:07:17","date_gmt":"2022-01-27T08:07:17","guid":{"rendered":"https:\/\/dlaseuro.wpengine.com\/product\/purifying-hydrating-shampoo\/"},"modified":"2026-03-07T05:56:56","modified_gmt":"2026-03-07T05:56:56","slug":"purifying-hydrating-shampoo","status":"publish","type":"product","link":"https:\/\/europe.dlasint.com\/lv\/products\/purifying-hydrating-shampoo\/","title":{"rendered":"Att\u012bro\u0161s un mitrino\u0161s \u0161amp\u016bns"},"content":{"rendered":"<p>D\u2019Las Purifying &amp; Hydrating Shampoo is suitable for dry\/damaged hair types and designed to improve the manageability of your hair with its natural therapeutic properties.<\/p>\n<p>This unique formula has gentle cleansing properties and is enriched with 100% natural Green Tea extract, which helps to reduce hair fall, and treats dry\/damaged hairs, while Aloe Vera provides nourishment and long-lasting silky touch.<\/p>","protected":false},"excerpt":{"rendered":"<p>Clean right down to the root with Green Tea of Ceylon. Purify, reduce hair fall, and refresh your hair.<\/p>","protected":false},"featured_media":2806,"comment_status":"open","ping_status":"closed","template":"","meta":{"_acf_changed":false,"footnotes":""},"product_brand":[],"product_cat":[206,385,357],"product_tag":[],"class_list":{"0":"post-2350","1":"product","2":"type-product","3":"status-publish","4":"has-post-thumbnail","6":"product_cat-purifying-hydrating-range","7":"product_cat-shampoo-hair","8":"product_cat-women","10":"first","11":"instock","12":"shipping-taxable","13":"purchasable","14":"product-type-simple","15":"add-to-wishlist-before_image"},"acf":[],"_links":{"self":[{"href":"https:\/\/europe.dlasint.com\/lv\/wp-json\/wp\/v2\/product\/2350","targetHints":{"allow":["GET"]}}],"collection":[{"href":"https:\/\/europe.dlasint.com\/lv\/wp-json\/wp\/v2\/product"}],"about":[{"href":"https:\/\/europe.dlasint.com\/lv\/wp-json\/wp\/v2\/types\/product"}],"replies":[{"embeddable":true,"href":"https:\/\/europe.dlasint.com\/lv\/wp-json\/wp\/v2\/comments?post=2350"}],"version-history":[{"count":0,"href":"https:\/\/europe.dlasint.com\/lv\/wp-json\/wp\/v2\/product\/2350\/revisions"}],"wp:featuredmedia":[{"embeddable":true,"href":"https:\/\/europe.dlasint.com\/lv\/wp-json\/wp\/v2\/media\/2806"}],"wp:attachment":[{"href":"https:\/\/europe.dlasint.com\/lv\/wp-json\/wp\/v2\/media?parent=2350"}],"wp:term":[{"taxonomy":"product_brand","embeddable":true,"href":"https:\/\/europe.dlasint.com\/lv\/wp-json\/wp\/v2\/product_brand?post=2350"},{"taxonomy":"product_cat","embeddable":true,"href":"https:\/\/europe.dlasint.com\/lv\/wp-json\/wp\/v2\/product_cat?post=2350"},{"taxonomy":"product_tag","embeddable":true,"href":"https:\/\/europe.dlasint.com\/lv\/wp-json\/wp\/v2\/product_tag?post=2350"}],"curies":[{"name":"wp","href":"https:\/\/api.w.org\/{rel}","templated":true}]}}