







{"id":2349,"date":"2022-01-27T08:07:17","date_gmt":"2022-01-27T08:07:17","guid":{"rendered":"https:\/\/dlaseuro.wpengine.com\/product\/purifying-hydrating-conditioner\/"},"modified":"2023-04-01T05:08:21","modified_gmt":"2023-04-01T05:08:21","slug":"purifying-hydrating-conditioner","status":"publish","type":"product","link":"https:\/\/europe.dlasint.com\/lv\/products\/purifying-hydrating-conditioner\/","title":{"rendered":"Att\u012bro\u0161s un mitrino\u0161s kondicionieris"},"content":{"rendered":"<p>D&#039;Las att\u012bro\u0161ais un mitrino\u0161ais kondicionieris ir piem\u0113rots sausiem\/boj\u0101tiem matiem un izstr\u0101d\u0101ts, lai uzlabotu matu vad\u0101m\u012bbu ar t\u0101 dabiskaj\u0101m terapeitiskaj\u0101m \u012bpa\u0161\u012bb\u0101m.<\/p>\n<p>\u0160\u012b unik\u0101l\u0101 formula ir bag\u0101tin\u0101ta ar dab\u012bgo za\u013c\u0101s t\u0113jas ekstraktu 100%, kas pal\u012bdz samazin\u0101t matu izkri\u0161anu un baro sausus\/boj\u0101tus matus, savuk\u0101rt alveja un jojobas e\u013c\u013ca nodro\u0161ina baro\u0161anu un ilgsto\u0161u z\u012bdainu piesk\u0101rienu.<\/p>\n<p>&nbsp;<\/p>","protected":false},"excerpt":{"rendered":"<p>Uzlabojiet savu matu kvalit\u0101ti ar Ceilonas za\u013c\u0101s t\u0113jas labumiem un pie\u0161\u0137iriet dz\u012bv\u012bbu sausiem\/boj\u0101tiem matiem.<\/p>","protected":false},"featured_media":2803,"comment_status":"open","ping_status":"closed","template":"","meta":{"_acf_changed":false,"footnotes":""},"product_brand":[],"product_cat":[409,206,357],"product_tag":[],"class_list":{"0":"post-2349","1":"product","2":"type-product","3":"status-publish","4":"has-post-thumbnail","6":"product_cat-conditioner-hair","7":"product_cat-purifying-hydrating-range","8":"product_cat-women","10":"first","11":"instock","12":"shipping-taxable","13":"purchasable","14":"product-type-simple","15":"add-to-wishlist-before_image"},"acf":[],"_links":{"self":[{"href":"https:\/\/europe.dlasint.com\/lv\/wp-json\/wp\/v2\/product\/2349","targetHints":{"allow":["GET"]}}],"collection":[{"href":"https:\/\/europe.dlasint.com\/lv\/wp-json\/wp\/v2\/product"}],"about":[{"href":"https:\/\/europe.dlasint.com\/lv\/wp-json\/wp\/v2\/types\/product"}],"replies":[{"embeddable":true,"href":"https:\/\/europe.dlasint.com\/lv\/wp-json\/wp\/v2\/comments?post=2349"}],"version-history":[{"count":0,"href":"https:\/\/europe.dlasint.com\/lv\/wp-json\/wp\/v2\/product\/2349\/revisions"}],"wp:featuredmedia":[{"embeddable":true,"href":"https:\/\/europe.dlasint.com\/lv\/wp-json\/wp\/v2\/media\/2803"}],"wp:attachment":[{"href":"https:\/\/europe.dlasint.com\/lv\/wp-json\/wp\/v2\/media?parent=2349"}],"wp:term":[{"taxonomy":"product_brand","embeddable":true,"href":"https:\/\/europe.dlasint.com\/lv\/wp-json\/wp\/v2\/product_brand?post=2349"},{"taxonomy":"product_cat","embeddable":true,"href":"https:\/\/europe.dlasint.com\/lv\/wp-json\/wp\/v2\/product_cat?post=2349"},{"taxonomy":"product_tag","embeddable":true,"href":"https:\/\/europe.dlasint.com\/lv\/wp-json\/wp\/v2\/product_tag?post=2349"}],"curies":[{"name":"wp","href":"https:\/\/api.w.org\/{rel}","templated":true}]}}