







{"id":2299,"date":"2022-01-27T08:07:10","date_gmt":"2022-01-27T08:07:10","guid":{"rendered":"https:\/\/dlaseuro.wpengine.com\/product\/jasmine-shampoo\/"},"modified":"2024-09-20T08:43:15","modified_gmt":"2024-09-20T08:43:15","slug":"jasmine-shampoo","status":"publish","type":"product","link":"https:\/\/europe.dlasint.com\/lv\/products\/jasmine-shampoo\/","title":{"rendered":"Jasm\u012bna \u0161amp\u016bns"},"content":{"rendered":"<p>D&#039;las Jasmine \u0161amp\u016bns ir piem\u0113rots visiem matu tipiem.<\/p>\n<p>Bag\u0101tin\u0101ta ar alveju, provitam\u012bnu B5 un maig\u0101m virsmakt\u012bv\u0101m viel\u0101m, \u0161\u012b z\u012bdain\u0101 formula maigi att\u012bra matus, atjauno matu apjomu, samazina samezglo\u0161anos un nov\u0113r\u0161 sprogo\u0161anos.<\/p>\n<p>Savuk\u0101rt sald\u0101 jasm\u012bna arom\u0101tiskais arom\u0101ts pal\u012bdz mazin\u0101t stresu, nodro\u0161inot relaks\u0113jo\u0161u peld\u0113\u0161an\u0101s pieredzi.<\/p>","protected":false},"excerpt":{"rendered":"<p>Katru dienu ieputojiet matus ar D&#039;las Jasmine \u0161amp\u016bnu, lai tie b\u016btu t\u012bri, stiprin\u0101ti un nesapinu\u0161ies. Smar\u017eojiet k\u0101 jasm\u012bns visu dienu!<\/p>","protected":false},"featured_media":2589,"comment_status":"open","ping_status":"closed","template":"","meta":{"_acf_changed":false,"footnotes":""},"product_brand":[],"product_cat":[194,385,357],"product_tag":[],"class_list":{"0":"post-2299","1":"product","2":"type-product","3":"status-publish","4":"has-post-thumbnail","6":"product_cat-jasmine-range","7":"product_cat-shampoo-hair","8":"product_cat-women","10":"first","11":"instock","12":"shipping-taxable","13":"purchasable","14":"product-type-simple","15":"add-to-wishlist-before_image"},"acf":[],"_links":{"self":[{"href":"https:\/\/europe.dlasint.com\/lv\/wp-json\/wp\/v2\/product\/2299","targetHints":{"allow":["GET"]}}],"collection":[{"href":"https:\/\/europe.dlasint.com\/lv\/wp-json\/wp\/v2\/product"}],"about":[{"href":"https:\/\/europe.dlasint.com\/lv\/wp-json\/wp\/v2\/types\/product"}],"replies":[{"embeddable":true,"href":"https:\/\/europe.dlasint.com\/lv\/wp-json\/wp\/v2\/comments?post=2299"}],"version-history":[{"count":0,"href":"https:\/\/europe.dlasint.com\/lv\/wp-json\/wp\/v2\/product\/2299\/revisions"}],"wp:featuredmedia":[{"embeddable":true,"href":"https:\/\/europe.dlasint.com\/lv\/wp-json\/wp\/v2\/media\/2589"}],"wp:attachment":[{"href":"https:\/\/europe.dlasint.com\/lv\/wp-json\/wp\/v2\/media?parent=2299"}],"wp:term":[{"taxonomy":"product_brand","embeddable":true,"href":"https:\/\/europe.dlasint.com\/lv\/wp-json\/wp\/v2\/product_brand?post=2299"},{"taxonomy":"product_cat","embeddable":true,"href":"https:\/\/europe.dlasint.com\/lv\/wp-json\/wp\/v2\/product_cat?post=2299"},{"taxonomy":"product_tag","embeddable":true,"href":"https:\/\/europe.dlasint.com\/lv\/wp-json\/wp\/v2\/product_tag?post=2299"}],"curies":[{"name":"wp","href":"https:\/\/api.w.org\/{rel}","templated":true}]}}