







{"id":2347,"date":"2022-01-27T08:07:16","date_gmt":"2022-01-27T08:07:16","guid":{"rendered":"https:\/\/dlaseuro.wpengine.com\/product\/purifying-hydrating-hand-lotion\/"},"modified":"2023-04-01T05:01:51","modified_gmt":"2023-04-01T05:01:51","slug":"purifying-hydrating-hand-lotion","status":"publish","type":"product","link":"https:\/\/europe.dlasint.com\/lt\/produktas\/purifying-hydrating-hand-lotion\/","title":{"rendered":"Valomasis ir dr\u0117kinantis rank\u0173 losjonas"},"content":{"rendered":"<p>Suteikite savo rankoms t\u0105 \u0161ilkin\u012f dr\u0117gm\u0117s antpl\u016bd\u012f visur, kur reikia, dien\u0105 ar nakt\u012f.<\/p>\n<p>D&#039;las Purifying &amp; Dr\u0117kinantis rank\u0173 losjonas, praturtintas 100 % nat\u016bralaus \u017ealiosios arbatos ekstraktu, alavijo, bi\u010di\u0173 medaus ir simondsij\u0173 aliejumi, lengvai \u012fsigeria \u012f od\u0105, akimirksniu dr\u0117kina ir padeda nuraminti sausas ir \u012ftr\u016bkusias rankas.<\/p>","protected":false},"excerpt":{"rendered":"<p>Pasir\u016bpinkite savo rankomis su geriausia Ceilono \u017eali\u0105ja arbata. D\u0117l ilgalaik\u0117s dr\u0117gm\u0117s j\u016bs\u0173 rankos bus hidratuotos vis\u0105 dien\u0105.<\/p>","protected":false},"featured_media":4300,"comment_status":"open","ping_status":"closed","template":"","meta":{"_acf_changed":false,"footnotes":""},"product_brand":[],"product_cat":[375,206,357],"product_tag":[],"class_list":{"0":"post-2347","1":"product","2":"type-product","3":"status-publish","4":"has-post-thumbnail","6":"product_cat-hand-lotion-body","7":"product_cat-purifying-hydrating-range","8":"product_cat-women","10":"first","11":"instock","12":"shipping-taxable","13":"purchasable","14":"product-type-simple","15":"add-to-wishlist-before_image"},"acf":[],"_links":{"self":[{"href":"https:\/\/europe.dlasint.com\/lt\/wp-json\/wp\/v2\/product\/2347","targetHints":{"allow":["GET"]}}],"collection":[{"href":"https:\/\/europe.dlasint.com\/lt\/wp-json\/wp\/v2\/product"}],"about":[{"href":"https:\/\/europe.dlasint.com\/lt\/wp-json\/wp\/v2\/types\/product"}],"replies":[{"embeddable":true,"href":"https:\/\/europe.dlasint.com\/lt\/wp-json\/wp\/v2\/comments?post=2347"}],"version-history":[{"count":0,"href":"https:\/\/europe.dlasint.com\/lt\/wp-json\/wp\/v2\/product\/2347\/revisions"}],"wp:featuredmedia":[{"embeddable":true,"href":"https:\/\/europe.dlasint.com\/lt\/wp-json\/wp\/v2\/media\/4300"}],"wp:attachment":[{"href":"https:\/\/europe.dlasint.com\/lt\/wp-json\/wp\/v2\/media?parent=2347"}],"wp:term":[{"taxonomy":"product_brand","embeddable":true,"href":"https:\/\/europe.dlasint.com\/lt\/wp-json\/wp\/v2\/product_brand?post=2347"},{"taxonomy":"product_cat","embeddable":true,"href":"https:\/\/europe.dlasint.com\/lt\/wp-json\/wp\/v2\/product_cat?post=2347"},{"taxonomy":"product_tag","embeddable":true,"href":"https:\/\/europe.dlasint.com\/lt\/wp-json\/wp\/v2\/product_tag?post=2347"}],"curies":[{"name":"wp","href":"https:\/\/api.w.org\/{rel}","templated":true}]}}