







{"id":2337,"date":"2022-01-27T08:07:15","date_gmt":"2022-01-27T08:07:15","guid":{"rendered":"https:\/\/dlaseuro.wpengine.com\/product\/coconut-milk-golden-honey-conditioner\/"},"modified":"2024-11-30T16:38:23","modified_gmt":"2024-11-30T16:38:23","slug":"coconut-milk-golden-honey-conditioner","status":"publish","type":"product","link":"https:\/\/europe.dlasint.com\/lt\/produktas\/coconut-milk-golden-honey-conditioner\/","title":{"rendered":"Kokos\u0173 pieno ir auksinio medaus kondicionierius"},"content":{"rendered":"<p>\u201eD&#039;Las\u201c kokos\u0173 pieno ir auksinio medaus kondicionierius tinka garbanotiems plaukams. Kokos\u0173 pieno ir auksinio medaus aromatas nukels jus \u012f tropin\u012f roj\u0173.<\/p>\n<p>Praturtintas alaviju, vitamino E acetatu ir simondsij\u0173 s\u0117kl\u0173 aliejumi. \u0160i formul\u0117 pa\u0161alina sausum\u0105 ir padeda i\u0161laikyti garbanotus plaukus. Sodri ir kremin\u0117 tekst\u016bra maitina plaukus ir padeda i\u0161laikyti garban\u0173 form\u0105.<\/p>","protected":false},"excerpt":{"rendered":"<p>Maitinkite ir suteikite gyvyb\u0117s savo purioms garbanoms su \u201eD&#039;las\u201c kokos\u0173 ir auksinio medaus kondicionieriumi.<\/p>","protected":false},"featured_media":2501,"comment_status":"open","ping_status":"closed","template":"","meta":{"_acf_changed":false,"footnotes":""},"product_brand":[],"product_cat":[202,409,357],"product_tag":[],"class_list":{"0":"post-2337","1":"product","2":"type-product","3":"status-publish","4":"has-post-thumbnail","6":"product_cat-coconut-milk-golden-honey-range","7":"product_cat-conditioner-hair","8":"product_cat-women","10":"first","11":"instock","12":"shipping-taxable","13":"purchasable","14":"product-type-simple","15":"add-to-wishlist-before_image"},"acf":[],"_links":{"self":[{"href":"https:\/\/europe.dlasint.com\/lt\/wp-json\/wp\/v2\/product\/2337","targetHints":{"allow":["GET"]}}],"collection":[{"href":"https:\/\/europe.dlasint.com\/lt\/wp-json\/wp\/v2\/product"}],"about":[{"href":"https:\/\/europe.dlasint.com\/lt\/wp-json\/wp\/v2\/types\/product"}],"replies":[{"embeddable":true,"href":"https:\/\/europe.dlasint.com\/lt\/wp-json\/wp\/v2\/comments?post=2337"}],"version-history":[{"count":0,"href":"https:\/\/europe.dlasint.com\/lt\/wp-json\/wp\/v2\/product\/2337\/revisions"}],"wp:featuredmedia":[{"embeddable":true,"href":"https:\/\/europe.dlasint.com\/lt\/wp-json\/wp\/v2\/media\/2501"}],"wp:attachment":[{"href":"https:\/\/europe.dlasint.com\/lt\/wp-json\/wp\/v2\/media?parent=2337"}],"wp:term":[{"taxonomy":"product_brand","embeddable":true,"href":"https:\/\/europe.dlasint.com\/lt\/wp-json\/wp\/v2\/product_brand?post=2337"},{"taxonomy":"product_cat","embeddable":true,"href":"https:\/\/europe.dlasint.com\/lt\/wp-json\/wp\/v2\/product_cat?post=2337"},{"taxonomy":"product_tag","embeddable":true,"href":"https:\/\/europe.dlasint.com\/lt\/wp-json\/wp\/v2\/product_tag?post=2337"}],"curies":[{"name":"wp","href":"https:\/\/api.w.org\/{rel}","templated":true}]}}