







{"id":2291,"date":"2022-01-27T08:07:09","date_gmt":"2022-01-27T08:07:09","guid":{"rendered":"https:\/\/dlaseuro.wpengine.com\/product\/lavender-shower-gel\/"},"modified":"2023-04-01T05:19:03","modified_gmt":"2023-04-01T05:19:03","slug":"lavender-shower-gel","status":"publish","type":"product","link":"https:\/\/europe.dlasint.com\/lt\/produktas\/lavender-shower-gel\/","title":{"rendered":"Levand\u0173 du\u0161o \u017eel\u0117"},"content":{"rendered":"<p>Give yourself a flower shower.<\/p>\n<p>Enriched with Aloe Vera, Dlas Lavender shower gel help to soothe and calm irritated skin while the delicate floral scent of Lavender will help to get rid of daily exhaustion.<\/p>\n<p>This mild formula gently cleanses and soothes your skin without stripping the moisture layer and keeps you fresh all day!<\/p>","protected":false},"excerpt":{"rendered":"<p>Experience a calming and relaxing bath experience with the delicate aroma of Lavender and let your skin bloom all day.<\/p>","protected":false},"featured_media":2625,"comment_status":"open","ping_status":"closed","template":"","meta":{"_acf_changed":false,"footnotes":""},"product_brand":[],"product_cat":[192,383,357],"product_tag":[],"class_list":{"0":"post-2291","1":"product","2":"type-product","3":"status-publish","4":"has-post-thumbnail","6":"product_cat-lavender-range","7":"product_cat-shower-gel-body","8":"product_cat-women","10":"first","11":"instock","12":"shipping-taxable","13":"purchasable","14":"product-type-simple","15":"add-to-wishlist-before_image"},"acf":[],"_links":{"self":[{"href":"https:\/\/europe.dlasint.com\/lt\/wp-json\/wp\/v2\/product\/2291","targetHints":{"allow":["GET"]}}],"collection":[{"href":"https:\/\/europe.dlasint.com\/lt\/wp-json\/wp\/v2\/product"}],"about":[{"href":"https:\/\/europe.dlasint.com\/lt\/wp-json\/wp\/v2\/types\/product"}],"replies":[{"embeddable":true,"href":"https:\/\/europe.dlasint.com\/lt\/wp-json\/wp\/v2\/comments?post=2291"}],"version-history":[{"count":0,"href":"https:\/\/europe.dlasint.com\/lt\/wp-json\/wp\/v2\/product\/2291\/revisions"}],"wp:featuredmedia":[{"embeddable":true,"href":"https:\/\/europe.dlasint.com\/lt\/wp-json\/wp\/v2\/media\/2625"}],"wp:attachment":[{"href":"https:\/\/europe.dlasint.com\/lt\/wp-json\/wp\/v2\/media?parent=2291"}],"wp:term":[{"taxonomy":"product_brand","embeddable":true,"href":"https:\/\/europe.dlasint.com\/lt\/wp-json\/wp\/v2\/product_brand?post=2291"},{"taxonomy":"product_cat","embeddable":true,"href":"https:\/\/europe.dlasint.com\/lt\/wp-json\/wp\/v2\/product_cat?post=2291"},{"taxonomy":"product_tag","embeddable":true,"href":"https:\/\/europe.dlasint.com\/lt\/wp-json\/wp\/v2\/product_tag?post=2291"}],"curies":[{"name":"wp","href":"https:\/\/api.w.org\/{rel}","templated":true}]}}