







{"id":3600,"date":"2022-02-06T08:39:43","date_gmt":"2022-02-06T08:39:43","guid":{"rendered":"https:\/\/dlaseuro.wpengine.com\/?post_type=product&#038;p=3600"},"modified":"2023-04-01T05:20:16","modified_gmt":"2023-04-01T05:20:16","slug":"wild-rose-handmade-soap","status":"publish","type":"product","link":"https:\/\/europe.dlasint.com\/hu\/termek\/wild-rose-handmade-soap\/","title":{"rendered":"Vadr\u00f3zsa k\u00e9zzel k\u00e9sz\u00edtett szappan"},"content":{"rendered":"<p>D&#8217;Las Wild Rose Handmade soap is suitable for delicate skin types.<\/p>\n<p>Enriched with Coconut oil, Castor oil, Sunflower seed oil, and skin-friendly ingredients, it will gently cleanse your delicate skin, providing overall skin protection.<\/p>\n<p>These natural ingredients help purify your skin by getting rid of dead skin cells and help to maintain a healthy vibrant complexion.<\/p>\n<p>This vibrant, floral-scented Wild Rose handcrafted soap is not just a soap, it is a beauty treatment!<\/p>","protected":false},"excerpt":{"rendered":"<p>Add a little glitz and glow to your delicate skin with the heavenly wild roses.<\/p>","protected":false},"featured_media":3601,"comment_status":"open","ping_status":"closed","template":"","meta":{"_acf_changed":false,"footnotes":""},"product_brand":[],"product_cat":[381,195,357],"product_tag":[],"class_list":{"0":"post-3600","1":"product","2":"type-product","3":"status-publish","4":"has-post-thumbnail","6":"product_cat-handmade-soap-body","7":"product_cat-wild-rose-range","8":"product_cat-women","10":"first","11":"instock","12":"shipping-taxable","13":"purchasable","14":"product-type-simple","15":"add-to-wishlist-before_image"},"acf":[],"_links":{"self":[{"href":"https:\/\/europe.dlasint.com\/hu\/wp-json\/wp\/v2\/product\/3600","targetHints":{"allow":["GET"]}}],"collection":[{"href":"https:\/\/europe.dlasint.com\/hu\/wp-json\/wp\/v2\/product"}],"about":[{"href":"https:\/\/europe.dlasint.com\/hu\/wp-json\/wp\/v2\/types\/product"}],"replies":[{"embeddable":true,"href":"https:\/\/europe.dlasint.com\/hu\/wp-json\/wp\/v2\/comments?post=3600"}],"version-history":[{"count":0,"href":"https:\/\/europe.dlasint.com\/hu\/wp-json\/wp\/v2\/product\/3600\/revisions"}],"wp:featuredmedia":[{"embeddable":true,"href":"https:\/\/europe.dlasint.com\/hu\/wp-json\/wp\/v2\/media\/3601"}],"wp:attachment":[{"href":"https:\/\/europe.dlasint.com\/hu\/wp-json\/wp\/v2\/media?parent=3600"}],"wp:term":[{"taxonomy":"product_brand","embeddable":true,"href":"https:\/\/europe.dlasint.com\/hu\/wp-json\/wp\/v2\/product_brand?post=3600"},{"taxonomy":"product_cat","embeddable":true,"href":"https:\/\/europe.dlasint.com\/hu\/wp-json\/wp\/v2\/product_cat?post=3600"},{"taxonomy":"product_tag","embeddable":true,"href":"https:\/\/europe.dlasint.com\/hu\/wp-json\/wp\/v2\/product_tag?post=3600"}],"curies":[{"name":"wp","href":"https:\/\/api.w.org\/{rel}","templated":true}]}}