







{"id":2389,"date":"2022-01-27T08:07:23","date_gmt":"2022-01-27T08:07:23","guid":{"rendered":"https:\/\/dlaseuro.wpengine.com\/product\/cooling-balm\/"},"modified":"2023-04-01T05:05:07","modified_gmt":"2023-04-01T05:05:07","slug":"cooling-balm","status":"publish","type":"product","link":"https:\/\/europe.dlasint.com\/hu\/termek\/cooling-balm\/","title":{"rendered":"H\u0171s\u00edt\u0151 balzsam"},"content":{"rendered":"<p>Nem zs\u00edros, gyorsan felsz\u00edv\u00f3d\u00f3 formula, amely \u00fatk\u00f6zben vagy b\u00e1rmikor haszn\u00e1lhat\u00f3, amikor sz\u00fcks\u00e9ge van r\u00e1.<\/p>\n<p>Enriched with 100% natural oil of Lavender, Peppermint, Vetiver, Lemongrass, and Virgin Coconut combined with Beeswax, this potent blend helps to relax your mind by soothing and releasing stress with its cooling and calming properties.<\/p>\n<p>Ez mindennapi haszn\u00e1latra is alkalmas, \u00e9s elengedhetetlen a t\u00e1sk\u00e1dban.<\/p>","protected":false},"excerpt":{"rendered":"<p>Revitalize your senses with the cooling and calming therapy of Lavender, Peppermint, Lemongrass, and other natural oils.<\/p>","protected":false},"featured_media":2855,"comment_status":"open","ping_status":"closed","template":"","meta":{"_acf_changed":false,"footnotes":""},"product_brand":[],"product_cat":[412,215,357],"product_tag":[],"class_list":{"0":"post-2389","1":"product","2":"type-product","3":"status-publish","4":"has-post-thumbnail","6":"product_cat-aromatherapy-balms","7":"product_cat-cooling-range","8":"product_cat-women","10":"first","11":"instock","12":"shipping-taxable","13":"purchasable","14":"product-type-simple","15":"add-to-wishlist-before_image"},"acf":[],"_links":{"self":[{"href":"https:\/\/europe.dlasint.com\/hu\/wp-json\/wp\/v2\/product\/2389","targetHints":{"allow":["GET"]}}],"collection":[{"href":"https:\/\/europe.dlasint.com\/hu\/wp-json\/wp\/v2\/product"}],"about":[{"href":"https:\/\/europe.dlasint.com\/hu\/wp-json\/wp\/v2\/types\/product"}],"replies":[{"embeddable":true,"href":"https:\/\/europe.dlasint.com\/hu\/wp-json\/wp\/v2\/comments?post=2389"}],"version-history":[{"count":0,"href":"https:\/\/europe.dlasint.com\/hu\/wp-json\/wp\/v2\/product\/2389\/revisions"}],"wp:featuredmedia":[{"embeddable":true,"href":"https:\/\/europe.dlasint.com\/hu\/wp-json\/wp\/v2\/media\/2855"}],"wp:attachment":[{"href":"https:\/\/europe.dlasint.com\/hu\/wp-json\/wp\/v2\/media?parent=2389"}],"wp:term":[{"taxonomy":"product_brand","embeddable":true,"href":"https:\/\/europe.dlasint.com\/hu\/wp-json\/wp\/v2\/product_brand?post=2389"},{"taxonomy":"product_cat","embeddable":true,"href":"https:\/\/europe.dlasint.com\/hu\/wp-json\/wp\/v2\/product_cat?post=2389"},{"taxonomy":"product_tag","embeddable":true,"href":"https:\/\/europe.dlasint.com\/hu\/wp-json\/wp\/v2\/product_tag?post=2389"}],"curies":[{"name":"wp","href":"https:\/\/api.w.org\/{rel}","templated":true}]}}