







{"id":2371,"date":"2022-01-27T08:07:20","date_gmt":"2022-01-27T08:07:20","guid":{"rendered":"https:\/\/dlaseuro.wpengine.com\/product\/clearing-refreshing-hand-lotion\/"},"modified":"2024-11-04T07:59:36","modified_gmt":"2024-11-04T07:59:36","slug":"clearing-refreshing-hand-lotion","status":"publish","type":"product","link":"https:\/\/europe.dlasint.com\/hu\/termek\/clearing-refreshing-hand-lotion\/","title":{"rendered":"Tiszt\u00edt\u00f3 \u00e9s friss\u00edt\u0151 k\u00e9z\u00e1pol\u00f3"},"content":{"rendered":"<p>Infused with spicy Ceylon Cinnamon bark oil and cooling Aloe vera, D\u2019las Clearing &amp; Refreshing Hand Lotion will keep your hands hydrated and refreshed.<\/p>\n<p>Prized for its lush fragrance, Cinnamon oil is known to boost circulation, and hence this splendid formula will leave a delicately subtle warming sensation on the skin.<\/p>","protected":false},"excerpt":{"rendered":"<p>An extra softness to your hands with Ceylon Cinnamon and Aloe vera. Maintain moisture and keep your hands hydrated all day.<\/p>","protected":false},"featured_media":4289,"comment_status":"open","ping_status":"closed","template":"","meta":{"_acf_changed":false,"footnotes":""},"product_brand":[],"product_cat":[210,375,357],"product_tag":[],"class_list":{"0":"post-2371","1":"product","2":"type-product","3":"status-publish","4":"has-post-thumbnail","6":"product_cat-clearing-refreshing-range","7":"product_cat-hand-lotion-body","8":"product_cat-women","10":"first","11":"instock","12":"shipping-taxable","13":"purchasable","14":"product-type-simple","15":"add-to-wishlist-before_image"},"acf":[],"_links":{"self":[{"href":"https:\/\/europe.dlasint.com\/hu\/wp-json\/wp\/v2\/product\/2371","targetHints":{"allow":["GET"]}}],"collection":[{"href":"https:\/\/europe.dlasint.com\/hu\/wp-json\/wp\/v2\/product"}],"about":[{"href":"https:\/\/europe.dlasint.com\/hu\/wp-json\/wp\/v2\/types\/product"}],"replies":[{"embeddable":true,"href":"https:\/\/europe.dlasint.com\/hu\/wp-json\/wp\/v2\/comments?post=2371"}],"version-history":[{"count":0,"href":"https:\/\/europe.dlasint.com\/hu\/wp-json\/wp\/v2\/product\/2371\/revisions"}],"wp:featuredmedia":[{"embeddable":true,"href":"https:\/\/europe.dlasint.com\/hu\/wp-json\/wp\/v2\/media\/4289"}],"wp:attachment":[{"href":"https:\/\/europe.dlasint.com\/hu\/wp-json\/wp\/v2\/media?parent=2371"}],"wp:term":[{"taxonomy":"product_brand","embeddable":true,"href":"https:\/\/europe.dlasint.com\/hu\/wp-json\/wp\/v2\/product_brand?post=2371"},{"taxonomy":"product_cat","embeddable":true,"href":"https:\/\/europe.dlasint.com\/hu\/wp-json\/wp\/v2\/product_cat?post=2371"},{"taxonomy":"product_tag","embeddable":true,"href":"https:\/\/europe.dlasint.com\/hu\/wp-json\/wp\/v2\/product_tag?post=2371"}],"curies":[{"name":"wp","href":"https:\/\/api.w.org\/{rel}","templated":true}]}}