







{"id":2370,"date":"2022-01-27T08:07:20","date_gmt":"2022-01-27T08:07:20","guid":{"rendered":"https:\/\/dlaseuro.wpengine.com\/product\/clearing-refreshing-shower-gel\/"},"modified":"2023-04-01T05:13:33","modified_gmt":"2023-04-01T05:13:33","slug":"clearing-refreshing-shower-gel","status":"publish","type":"product","link":"https:\/\/europe.dlasint.com\/hu\/termek\/clearing-refreshing-shower-gel\/","title":{"rendered":"Tiszt\u00edt\u00f3 \u00e9s friss\u00edt\u0151 tusf\u00fcrd\u0151"},"content":{"rendered":"<p>D&#8217;Las Clearing &amp; Refreshing Shower Gel is enriched with 100 % natural Ceylon Cinnamon bark oil and Aloe Vera and is suitable for normal or oily skin. This unique formula helps to reduce skin aging and ensures soft supple skin.<\/p>\n<p>With its light texture, this shower gel is ideal to gently cleanse the skin by removing dead skin cells and keep the skin feeling clean, fresh, and lightly scented.<\/p>","protected":false},"excerpt":{"rendered":"<p>Warm Ceylon Cinnamon and Calming Aloe Vera is a perfect combo for a clearing &amp; a refreshing bath. Smooth and supple skin guaranteed!<\/p>","protected":false},"featured_media":2696,"comment_status":"open","ping_status":"closed","template":"","meta":{"_acf_changed":false,"footnotes":""},"product_brand":[],"product_cat":[210,383,357],"product_tag":[],"class_list":{"0":"post-2370","1":"product","2":"type-product","3":"status-publish","4":"has-post-thumbnail","6":"product_cat-clearing-refreshing-range","7":"product_cat-shower-gel-body","8":"product_cat-women","10":"first","11":"instock","12":"shipping-taxable","13":"purchasable","14":"product-type-simple","15":"add-to-wishlist-before_image"},"acf":[],"_links":{"self":[{"href":"https:\/\/europe.dlasint.com\/hu\/wp-json\/wp\/v2\/product\/2370","targetHints":{"allow":["GET"]}}],"collection":[{"href":"https:\/\/europe.dlasint.com\/hu\/wp-json\/wp\/v2\/product"}],"about":[{"href":"https:\/\/europe.dlasint.com\/hu\/wp-json\/wp\/v2\/types\/product"}],"replies":[{"embeddable":true,"href":"https:\/\/europe.dlasint.com\/hu\/wp-json\/wp\/v2\/comments?post=2370"}],"version-history":[{"count":0,"href":"https:\/\/europe.dlasint.com\/hu\/wp-json\/wp\/v2\/product\/2370\/revisions"}],"wp:featuredmedia":[{"embeddable":true,"href":"https:\/\/europe.dlasint.com\/hu\/wp-json\/wp\/v2\/media\/2696"}],"wp:attachment":[{"href":"https:\/\/europe.dlasint.com\/hu\/wp-json\/wp\/v2\/media?parent=2370"}],"wp:term":[{"taxonomy":"product_brand","embeddable":true,"href":"https:\/\/europe.dlasint.com\/hu\/wp-json\/wp\/v2\/product_brand?post=2370"},{"taxonomy":"product_cat","embeddable":true,"href":"https:\/\/europe.dlasint.com\/hu\/wp-json\/wp\/v2\/product_cat?post=2370"},{"taxonomy":"product_tag","embeddable":true,"href":"https:\/\/europe.dlasint.com\/hu\/wp-json\/wp\/v2\/product_tag?post=2370"}],"curies":[{"name":"wp","href":"https:\/\/api.w.org\/{rel}","templated":true}]}}