







{"id":2360,"date":"2022-01-27T08:07:19","date_gmt":"2022-01-27T08:07:19","guid":{"rendered":"https:\/\/dlaseuro.wpengine.com\/product\/cleansing-balancing-face-wash\/"},"modified":"2023-04-01T04:54:08","modified_gmt":"2023-04-01T04:54:08","slug":"cleansing-balancing-face-wash","status":"publish","type":"product","link":"https:\/\/europe.dlasint.com\/hu\/termek\/cleansing-balancing-face-wash\/","title":{"rendered":"Tiszt\u00edt\u00f3 \u00e9s kiegyens\u00falyoz\u00f3 arclemos\u00f3"},"content":{"rendered":"<p>Formulated with a unique blend of Charcoal &amp; 100% natural Tea Tree oil, D\u2019Las Cleansing &amp; Balancing Face Wash helps to detoxify the facial skin by removing dirt that clog pores.<\/p>\n<p>This splendid formula is ideal to treat blackheads and maintain the oil balance in the skin. It also contains antiseptic properties and thereby helps to fight against acne-causing bacteria leaving you with beautiful clear skin.<\/p>","protected":false},"excerpt":{"rendered":"<p>Start your day confidently! Active Charcoal and Tea Tree remove excess oil, treat blackheads leaving your skin fresh and clear.<\/p>","protected":false},"featured_media":4288,"comment_status":"open","ping_status":"closed","template":"","meta":{"_acf_changed":false,"footnotes":""},"product_brand":[],"product_cat":[208,371,357],"product_tag":[],"class_list":{"0":"post-2360","1":"product","2":"type-product","3":"status-publish","4":"has-post-thumbnail","6":"product_cat-cleansing-balancing-range","7":"product_cat-face-wash-face","8":"product_cat-women","10":"first","11":"instock","12":"shipping-taxable","13":"purchasable","14":"product-type-simple","15":"add-to-wishlist-before_image"},"acf":[],"_links":{"self":[{"href":"https:\/\/europe.dlasint.com\/hu\/wp-json\/wp\/v2\/product\/2360","targetHints":{"allow":["GET"]}}],"collection":[{"href":"https:\/\/europe.dlasint.com\/hu\/wp-json\/wp\/v2\/product"}],"about":[{"href":"https:\/\/europe.dlasint.com\/hu\/wp-json\/wp\/v2\/types\/product"}],"replies":[{"embeddable":true,"href":"https:\/\/europe.dlasint.com\/hu\/wp-json\/wp\/v2\/comments?post=2360"}],"version-history":[{"count":0,"href":"https:\/\/europe.dlasint.com\/hu\/wp-json\/wp\/v2\/product\/2360\/revisions"}],"wp:featuredmedia":[{"embeddable":true,"href":"https:\/\/europe.dlasint.com\/hu\/wp-json\/wp\/v2\/media\/4288"}],"wp:attachment":[{"href":"https:\/\/europe.dlasint.com\/hu\/wp-json\/wp\/v2\/media?parent=2360"}],"wp:term":[{"taxonomy":"product_brand","embeddable":true,"href":"https:\/\/europe.dlasint.com\/hu\/wp-json\/wp\/v2\/product_brand?post=2360"},{"taxonomy":"product_cat","embeddable":true,"href":"https:\/\/europe.dlasint.com\/hu\/wp-json\/wp\/v2\/product_cat?post=2360"},{"taxonomy":"product_tag","embeddable":true,"href":"https:\/\/europe.dlasint.com\/hu\/wp-json\/wp\/v2\/product_tag?post=2360"}],"curies":[{"name":"wp","href":"https:\/\/api.w.org\/{rel}","templated":true}]}}