







{"id":2348,"date":"2022-01-27T08:07:17","date_gmt":"2022-01-27T08:07:17","guid":{"rendered":"https:\/\/dlaseuro.wpengine.com\/product\/purifying-hydrating-face-wash\/"},"modified":"2023-04-01T04:54:38","modified_gmt":"2023-04-01T04:54:38","slug":"purifying-hydrating-face-wash","status":"publish","type":"product","link":"https:\/\/europe.dlasint.com\/hu\/termek\/purifying-hydrating-face-wash\/","title":{"rendered":"Tiszt\u00edt\u00f3 \u00e9s hidrat\u00e1l\u00f3 arclemos\u00f3"},"content":{"rendered":"<p>A refreshing start with D\u2019Las Purifying &amp; Hydrating Face wash to keep your face fresh and hydrated.<\/p>\n<p>Infused with 100% natural Green Tea extract, this mild formula helps to gently cleanse your delicate skin by removing impurities and dirt all the while helping to maintain the oil balance of the skin.<\/p>\n<p>Makes every day a fresh start!<\/p>","protected":false},"excerpt":{"rendered":"<p>Cleanse and purify your skin with natural Green tea of Ceylon. Keep your face clear and fresh throughout the day!<\/p>","protected":false},"featured_media":2798,"comment_status":"open","ping_status":"closed","template":"","meta":{"_acf_changed":false,"footnotes":""},"product_brand":[],"product_cat":[371,206,357],"product_tag":[],"class_list":{"0":"post-2348","1":"product","2":"type-product","3":"status-publish","4":"has-post-thumbnail","6":"product_cat-face-wash-face","7":"product_cat-purifying-hydrating-range","8":"product_cat-women","10":"first","11":"instock","12":"shipping-taxable","13":"purchasable","14":"product-type-simple","15":"add-to-wishlist-before_image"},"acf":[],"_links":{"self":[{"href":"https:\/\/europe.dlasint.com\/hu\/wp-json\/wp\/v2\/product\/2348","targetHints":{"allow":["GET"]}}],"collection":[{"href":"https:\/\/europe.dlasint.com\/hu\/wp-json\/wp\/v2\/product"}],"about":[{"href":"https:\/\/europe.dlasint.com\/hu\/wp-json\/wp\/v2\/types\/product"}],"replies":[{"embeddable":true,"href":"https:\/\/europe.dlasint.com\/hu\/wp-json\/wp\/v2\/comments?post=2348"}],"version-history":[{"count":0,"href":"https:\/\/europe.dlasint.com\/hu\/wp-json\/wp\/v2\/product\/2348\/revisions"}],"wp:featuredmedia":[{"embeddable":true,"href":"https:\/\/europe.dlasint.com\/hu\/wp-json\/wp\/v2\/media\/2798"}],"wp:attachment":[{"href":"https:\/\/europe.dlasint.com\/hu\/wp-json\/wp\/v2\/media?parent=2348"}],"wp:term":[{"taxonomy":"product_brand","embeddable":true,"href":"https:\/\/europe.dlasint.com\/hu\/wp-json\/wp\/v2\/product_brand?post=2348"},{"taxonomy":"product_cat","embeddable":true,"href":"https:\/\/europe.dlasint.com\/hu\/wp-json\/wp\/v2\/product_cat?post=2348"},{"taxonomy":"product_tag","embeddable":true,"href":"https:\/\/europe.dlasint.com\/hu\/wp-json\/wp\/v2\/product_tag?post=2348"}],"curies":[{"name":"wp","href":"https:\/\/api.w.org\/{rel}","templated":true}]}}