







{"id":2320,"date":"2022-01-27T08:07:13","date_gmt":"2022-01-27T08:07:13","guid":{"rendered":"https:\/\/dlaseuro.wpengine.com\/product\/passion-fruit-handmade-soap\/"},"modified":"2023-04-01T05:21:32","modified_gmt":"2023-04-01T05:21:32","slug":"passion-fruit-handmade-soap","status":"publish","type":"product","link":"https:\/\/europe.dlasint.com\/hu\/termek\/passion-fruit-handmade-soap\/","title":{"rendered":"Maracuja k\u00e9zzel k\u00e9sz\u00edtett szappan"},"content":{"rendered":"<p>D&#8217;Las Passion Fruit Handmade soap is suitable for all skin types.<\/p>\n<p>Enriched with Coconut oil, Castor oil, Sunflower seed oil, and skin-friendly ingredients, it will gently cleanse your delicate skin, providing overall skin protection.<\/p>\n<p>These natural ingredients help purify your skin by getting rid of dead skin cells while leaving your skin youthful with a radiant glow.<\/p>\n<p>Sweet, fruity &amp; zesty sensation for everyday freshening!<\/p>","protected":false},"excerpt":{"rendered":"<p>Wash off the dullness with zesty Passion Fruit. Keep your body clean and fresh throughout the day!<\/p>","protected":false},"featured_media":2542,"comment_status":"open","ping_status":"closed","template":"","meta":{"_acf_changed":false,"footnotes":""},"product_brand":[],"product_cat":[381,198,357],"product_tag":[],"class_list":{"0":"post-2320","1":"product","2":"type-product","3":"status-publish","4":"has-post-thumbnail","6":"product_cat-handmade-soap-body","7":"product_cat-passion-fruit-range","8":"product_cat-women","10":"first","11":"instock","12":"shipping-taxable","13":"purchasable","14":"product-type-simple","15":"add-to-wishlist-before_image"},"acf":[],"_links":{"self":[{"href":"https:\/\/europe.dlasint.com\/hu\/wp-json\/wp\/v2\/product\/2320","targetHints":{"allow":["GET"]}}],"collection":[{"href":"https:\/\/europe.dlasint.com\/hu\/wp-json\/wp\/v2\/product"}],"about":[{"href":"https:\/\/europe.dlasint.com\/hu\/wp-json\/wp\/v2\/types\/product"}],"replies":[{"embeddable":true,"href":"https:\/\/europe.dlasint.com\/hu\/wp-json\/wp\/v2\/comments?post=2320"}],"version-history":[{"count":0,"href":"https:\/\/europe.dlasint.com\/hu\/wp-json\/wp\/v2\/product\/2320\/revisions"}],"wp:featuredmedia":[{"embeddable":true,"href":"https:\/\/europe.dlasint.com\/hu\/wp-json\/wp\/v2\/media\/2542"}],"wp:attachment":[{"href":"https:\/\/europe.dlasint.com\/hu\/wp-json\/wp\/v2\/media?parent=2320"}],"wp:term":[{"taxonomy":"product_brand","embeddable":true,"href":"https:\/\/europe.dlasint.com\/hu\/wp-json\/wp\/v2\/product_brand?post=2320"},{"taxonomy":"product_cat","embeddable":true,"href":"https:\/\/europe.dlasint.com\/hu\/wp-json\/wp\/v2\/product_cat?post=2320"},{"taxonomy":"product_tag","embeddable":true,"href":"https:\/\/europe.dlasint.com\/hu\/wp-json\/wp\/v2\/product_tag?post=2320"}],"curies":[{"name":"wp","href":"https:\/\/api.w.org\/{rel}","templated":true}]}}