







{"id":2292,"date":"2022-01-27T08:07:09","date_gmt":"2022-01-27T08:07:09","guid":{"rendered":"https:\/\/dlaseuro.wpengine.com\/product\/lavender-handmade-soap\/"},"modified":"2025-05-25T14:31:21","modified_gmt":"2025-05-25T14:31:21","slug":"lavender-handmade-soap","status":"publish","type":"product","link":"https:\/\/europe.dlasint.com\/hu\/termek\/lavender-handmade-soap\/","title":{"rendered":"Levendul\u00e1s k\u00e9zzel k\u00e9sz\u00edtett szappan"},"content":{"rendered":"<p>D&#8217;Las Lavender Handmade soap is suitable for all skin types.<\/p>\n<p>Enriched with Coconut oil, Castor oil, Sunflower seed oil, and skin-friendly ingredients, it will gently cleanse your delicate skin, providing overall skin protection.<\/p>\n<p>The calming and restorative properties of lavender contribute to a mood-lifting and relaxing bath experience while the gentle formula will soothe irritated skin.<\/p>","protected":false},"excerpt":{"rendered":"<p>Get ready for an aromatherapy treat while relaxing and soothing your skin with tender Lavender Handmade Soap.<\/p>","protected":false},"featured_media":2628,"comment_status":"open","ping_status":"closed","template":"","meta":{"_acf_changed":false,"footnotes":""},"product_brand":[],"product_cat":[381,192,357],"product_tag":[],"class_list":{"0":"post-2292","1":"product","2":"type-product","3":"status-publish","4":"has-post-thumbnail","6":"product_cat-handmade-soap-body","7":"product_cat-lavender-range","8":"product_cat-women","10":"first","11":"instock","12":"shipping-taxable","13":"purchasable","14":"product-type-simple","15":"add-to-wishlist-before_image"},"acf":[],"_links":{"self":[{"href":"https:\/\/europe.dlasint.com\/hu\/wp-json\/wp\/v2\/product\/2292","targetHints":{"allow":["GET"]}}],"collection":[{"href":"https:\/\/europe.dlasint.com\/hu\/wp-json\/wp\/v2\/product"}],"about":[{"href":"https:\/\/europe.dlasint.com\/hu\/wp-json\/wp\/v2\/types\/product"}],"replies":[{"embeddable":true,"href":"https:\/\/europe.dlasint.com\/hu\/wp-json\/wp\/v2\/comments?post=2292"}],"version-history":[{"count":0,"href":"https:\/\/europe.dlasint.com\/hu\/wp-json\/wp\/v2\/product\/2292\/revisions"}],"wp:featuredmedia":[{"embeddable":true,"href":"https:\/\/europe.dlasint.com\/hu\/wp-json\/wp\/v2\/media\/2628"}],"wp:attachment":[{"href":"https:\/\/europe.dlasint.com\/hu\/wp-json\/wp\/v2\/media?parent=2292"}],"wp:term":[{"taxonomy":"product_brand","embeddable":true,"href":"https:\/\/europe.dlasint.com\/hu\/wp-json\/wp\/v2\/product_brand?post=2292"},{"taxonomy":"product_cat","embeddable":true,"href":"https:\/\/europe.dlasint.com\/hu\/wp-json\/wp\/v2\/product_cat?post=2292"},{"taxonomy":"product_tag","embeddable":true,"href":"https:\/\/europe.dlasint.com\/hu\/wp-json\/wp\/v2\/product_tag?post=2292"}],"curies":[{"name":"wp","href":"https:\/\/api.w.org\/{rel}","templated":true}]}}