







{"id":3302,"date":"2022-01-30T13:04:19","date_gmt":"2022-01-30T13:04:19","guid":{"rendered":"https:\/\/dlaseuro.wpengine.com\/?page_id=3302"},"modified":"2022-03-02T07:50:30","modified_gmt":"2022-03-02T07:50:30","slug":"our-range","status":"publish","type":"page","link":"https:\/\/europe.dlasint.com\/hu\/our-range\/","title":{"rendered":"Fedezze fel k\u00edn\u00e1latunkat"},"content":{"rendered":"<p>Term\u00e9kpalett\u00e1nk vir\u00e1gkivonatok, gy\u00fcm\u00f6lcskivonatok, gy\u00f3gyn\u00f6v\u00e9nykivonatok \u00e9s term\u00e9szetes n\u00f6v\u00e9nyi kivonatok sz\u00e9les v\u00e1laszt\u00e9k\u00e1t tartalmazza, hogy kiel\u00e9g\u00edtse sz\u00e9ps\u00e9g\u00e1pol\u00e1si ig\u00e9nyeit.<\/p>","protected":false},"excerpt":{"rendered":"<p>Term\u00e9kpalett\u00e1nk vir\u00e1gkivonatok, gy\u00fcm\u00f6lcskivonatok, gy\u00f3gyn\u00f6v\u00e9nykivonatok \u00e9s term\u00e9szetes n\u00f6v\u00e9nyi kivonatok sz\u00e9les v\u00e1laszt\u00e9k\u00e1t tartalmazza, hogy kiel\u00e9g\u00edtse sz\u00e9ps\u00e9g\u00e1pol\u00e1si ig\u00e9nyeit.<\/p>","protected":false},"author":3,"featured_media":0,"parent":0,"menu_order":9,"comment_status":"closed","ping_status":"closed","template":"","meta":{"_acf_changed":false,"footnotes":""},"class_list":["post-3302","page","type-page","status-publish","hentry"],"acf":[],"_links":{"self":[{"href":"https:\/\/europe.dlasint.com\/hu\/wp-json\/wp\/v2\/pages\/3302","targetHints":{"allow":["GET"]}}],"collection":[{"href":"https:\/\/europe.dlasint.com\/hu\/wp-json\/wp\/v2\/pages"}],"about":[{"href":"https:\/\/europe.dlasint.com\/hu\/wp-json\/wp\/v2\/types\/page"}],"author":[{"embeddable":true,"href":"https:\/\/europe.dlasint.com\/hu\/wp-json\/wp\/v2\/users\/3"}],"replies":[{"embeddable":true,"href":"https:\/\/europe.dlasint.com\/hu\/wp-json\/wp\/v2\/comments?post=3302"}],"version-history":[{"count":0,"href":"https:\/\/europe.dlasint.com\/hu\/wp-json\/wp\/v2\/pages\/3302\/revisions"}],"wp:attachment":[{"href":"https:\/\/europe.dlasint.com\/hu\/wp-json\/wp\/v2\/media?parent=3302"}],"curies":[{"name":"wp","href":"https:\/\/api.w.org\/{rel}","templated":true}]}}