







{"id":4109,"date":"2022-02-22T15:20:41","date_gmt":"2022-02-22T15:20:41","guid":{"rendered":"https:\/\/dlaseuro.wpengine.com\/?post_type=product&#038;p=4109"},"modified":"2025-04-13T20:05:35","modified_gmt":"2025-04-13T20:05:35","slug":"4109","status":"publish","type":"product","link":"https:\/\/europe.dlasint.com\/hr\/proizvod\/4109\/","title":{"rendered":"Krema za spa\u0161avanje stopala"},"content":{"rendered":"<p>D&#039;Las krema za spa\u0161avanje stopala dizajnirana je za tretiranje grubih, \u017euljevitih peta i prikladna je za svakodnevnu upotrebu.<\/p>\n<p>Ova sjajna formula oboga\u0107ena je duboko hranjivim, naprednim hidratantnim svojstvima shea maslaca, maslaca od manga, maslinovog ulja i ulja jojobe, koji poma\u017eu obnoviti problemati\u010dnu ko\u017eu va\u0161ih stopala i pru\u017eiti vidljivo pobolj\u0161anje.<\/p>","protected":false},"excerpt":{"rendered":"<p>Pru\u017eite olak\u0161anje i utjehu svojim grubim, ispucalim stopalima s bogatom mje\u0161avinom D&#039;Las kreme za spa\u0161avanje stopala.<\/p>","protected":false},"featured_media":4272,"comment_status":"open","ping_status":"closed","template":"","meta":{"_acf_changed":false,"footnotes":""},"product_brand":[],"product_cat":[342,416,255,357],"product_tag":[],"class_list":{"0":"post-4109","1":"product","2":"type-product","3":"status-publish","4":"has-post-thumbnail","6":"product_cat-foot-cream","7":"product_cat-foot-cream-body","8":"product_cat-new-arrivals","9":"product_cat-women","11":"first","12":"instock","13":"featured","14":"shipping-taxable","15":"purchasable","16":"product-type-simple","17":"add-to-wishlist-before_image"},"acf":[],"_links":{"self":[{"href":"https:\/\/europe.dlasint.com\/hr\/wp-json\/wp\/v2\/product\/4109","targetHints":{"allow":["GET"]}}],"collection":[{"href":"https:\/\/europe.dlasint.com\/hr\/wp-json\/wp\/v2\/product"}],"about":[{"href":"https:\/\/europe.dlasint.com\/hr\/wp-json\/wp\/v2\/types\/product"}],"replies":[{"embeddable":true,"href":"https:\/\/europe.dlasint.com\/hr\/wp-json\/wp\/v2\/comments?post=4109"}],"version-history":[{"count":0,"href":"https:\/\/europe.dlasint.com\/hr\/wp-json\/wp\/v2\/product\/4109\/revisions"}],"wp:featuredmedia":[{"embeddable":true,"href":"https:\/\/europe.dlasint.com\/hr\/wp-json\/wp\/v2\/media\/4272"}],"wp:attachment":[{"href":"https:\/\/europe.dlasint.com\/hr\/wp-json\/wp\/v2\/media?parent=4109"}],"wp:term":[{"taxonomy":"product_brand","embeddable":true,"href":"https:\/\/europe.dlasint.com\/hr\/wp-json\/wp\/v2\/product_brand?post=4109"},{"taxonomy":"product_cat","embeddable":true,"href":"https:\/\/europe.dlasint.com\/hr\/wp-json\/wp\/v2\/product_cat?post=4109"},{"taxonomy":"product_tag","embeddable":true,"href":"https:\/\/europe.dlasint.com\/hr\/wp-json\/wp\/v2\/product_tag?post=4109"}],"curies":[{"name":"wp","href":"https:\/\/api.w.org\/{rel}","templated":true}]}}