







{"id":2461,"date":"2022-01-27T08:07:33","date_gmt":"2022-01-27T08:07:33","guid":{"rendered":"https:\/\/dlaseuro.wpengine.com\/product\/blue-lotus-incense-sticks-small\/"},"modified":"2023-04-04T07:51:42","modified_gmt":"2023-04-04T07:51:42","slug":"blue-lotus-incense-sticks-small","status":"publish","type":"product","link":"https:\/\/europe.dlasint.com\/hr\/proizvod\/blue-lotus-incense-sticks-small\/","title":{"rendered":"Tamjanski \u0161tapi\u0107i Plavi lotos \u2013 Mali"},"content":{"rendered":"<p>Ova ru\u010dno izra\u0111ena drevna formula plavog lotosa i drugih prirodnih sastojaka ima aromati\u010dan miris i poma\u017ee u odr\u017eavanju mira, umirenosti i opu\u0161tenosti u va\u0161em \u017eivotnom prostoru.<\/p>","protected":false},"excerpt":{"rendered":"<p>Dopustite nje\u017enom plavom lotosu da ispuni va\u0161 dom opu\u0161taju\u0107om vibrom.<\/p>","protected":false},"featured_media":3016,"comment_status":"open","ping_status":"closed","template":"","meta":{"_acf_changed":false,"footnotes":""},"product_brand":[],"product_cat":[230],"product_tag":[],"class_list":{"0":"post-2461","1":"product","2":"type-product","3":"status-publish","4":"has-post-thumbnail","6":"product_cat-incense-sticks","8":"first","9":"outofstock","10":"shipping-taxable","11":"purchasable","12":"product-type-simple","13":"add-to-wishlist-before_image"},"acf":[],"_links":{"self":[{"href":"https:\/\/europe.dlasint.com\/hr\/wp-json\/wp\/v2\/product\/2461","targetHints":{"allow":["GET"]}}],"collection":[{"href":"https:\/\/europe.dlasint.com\/hr\/wp-json\/wp\/v2\/product"}],"about":[{"href":"https:\/\/europe.dlasint.com\/hr\/wp-json\/wp\/v2\/types\/product"}],"replies":[{"embeddable":true,"href":"https:\/\/europe.dlasint.com\/hr\/wp-json\/wp\/v2\/comments?post=2461"}],"version-history":[{"count":0,"href":"https:\/\/europe.dlasint.com\/hr\/wp-json\/wp\/v2\/product\/2461\/revisions"}],"wp:featuredmedia":[{"embeddable":true,"href":"https:\/\/europe.dlasint.com\/hr\/wp-json\/wp\/v2\/media\/3016"}],"wp:attachment":[{"href":"https:\/\/europe.dlasint.com\/hr\/wp-json\/wp\/v2\/media?parent=2461"}],"wp:term":[{"taxonomy":"product_brand","embeddable":true,"href":"https:\/\/europe.dlasint.com\/hr\/wp-json\/wp\/v2\/product_brand?post=2461"},{"taxonomy":"product_cat","embeddable":true,"href":"https:\/\/europe.dlasint.com\/hr\/wp-json\/wp\/v2\/product_cat?post=2461"},{"taxonomy":"product_tag","embeddable":true,"href":"https:\/\/europe.dlasint.com\/hr\/wp-json\/wp\/v2\/product_tag?post=2461"}],"curies":[{"name":"wp","href":"https:\/\/api.w.org\/{rel}","templated":true}]}}