







{"id":2358,"date":"2022-01-27T08:07:18","date_gmt":"2022-01-27T08:07:18","guid":{"rendered":"https:\/\/dlaseuro.wpengine.com\/product\/cleansing-balancing-shower-gel\/"},"modified":"2023-04-01T05:14:21","modified_gmt":"2023-04-01T05:14:21","slug":"cleansing-balancing-shower-gel","status":"publish","type":"product","link":"https:\/\/europe.dlasint.com\/hr\/proizvod\/cleansing-balancing-shower-gel\/","title":{"rendered":"Gel za tu\u0161iranje za \u010di\u0161\u0107enje i uravnote\u017eenje"},"content":{"rendered":"<p>Formulated with a unique blend of Charcoal &amp; 100% natural Tea Tree oil, D\u2019las Cleansing &amp; Balancing Shower Gel is suitable for all skin types and helps to remove impurities of the skin by its natural therapeutic properties.<\/p>\n<p>With its light texture, this shower gel is ideal to deep cleanse the skin by removing dead skin cells and keep the skin feeling clean, fresh, and lightly scented.<\/p>","protected":false},"excerpt":{"rendered":"<p>Active Charcoal and Tea Tree deeply cleanse and soften your skin. With the first wash, you&#8217;ll notice a difference!<\/p>","protected":false},"featured_media":4273,"comment_status":"open","ping_status":"closed","template":"","meta":{"_acf_changed":false,"footnotes":""},"product_brand":[],"product_cat":[208,383,357],"product_tag":[],"class_list":{"0":"post-2358","1":"product","2":"type-product","3":"status-publish","4":"has-post-thumbnail","6":"product_cat-cleansing-balancing-range","7":"product_cat-shower-gel-body","8":"product_cat-women","10":"first","11":"instock","12":"shipping-taxable","13":"purchasable","14":"product-type-simple","15":"add-to-wishlist-before_image"},"acf":[],"_links":{"self":[{"href":"https:\/\/europe.dlasint.com\/hr\/wp-json\/wp\/v2\/product\/2358","targetHints":{"allow":["GET"]}}],"collection":[{"href":"https:\/\/europe.dlasint.com\/hr\/wp-json\/wp\/v2\/product"}],"about":[{"href":"https:\/\/europe.dlasint.com\/hr\/wp-json\/wp\/v2\/types\/product"}],"replies":[{"embeddable":true,"href":"https:\/\/europe.dlasint.com\/hr\/wp-json\/wp\/v2\/comments?post=2358"}],"version-history":[{"count":0,"href":"https:\/\/europe.dlasint.com\/hr\/wp-json\/wp\/v2\/product\/2358\/revisions"}],"wp:featuredmedia":[{"embeddable":true,"href":"https:\/\/europe.dlasint.com\/hr\/wp-json\/wp\/v2\/media\/4273"}],"wp:attachment":[{"href":"https:\/\/europe.dlasint.com\/hr\/wp-json\/wp\/v2\/media?parent=2358"}],"wp:term":[{"taxonomy":"product_brand","embeddable":true,"href":"https:\/\/europe.dlasint.com\/hr\/wp-json\/wp\/v2\/product_brand?post=2358"},{"taxonomy":"product_cat","embeddable":true,"href":"https:\/\/europe.dlasint.com\/hr\/wp-json\/wp\/v2\/product_cat?post=2358"},{"taxonomy":"product_tag","embeddable":true,"href":"https:\/\/europe.dlasint.com\/hr\/wp-json\/wp\/v2\/product_tag?post=2358"}],"curies":[{"name":"wp","href":"https:\/\/api.w.org\/{rel}","templated":true}]}}