







{"id":2351,"date":"2022-01-27T08:07:18","date_gmt":"2022-01-27T08:07:18","guid":{"rendered":"https:\/\/dlaseuro.wpengine.com\/product\/purifying-hydrating-handmade-face-soap\/"},"modified":"2023-04-01T05:03:29","modified_gmt":"2023-04-01T05:03:29","slug":"purifying-hydrating-handmade-face-soap","status":"publish","type":"product","link":"https:\/\/europe.dlasint.com\/hr\/proizvod\/purifying-hydrating-handmade-face-soap\/","title":{"rendered":"Ru\u010dno ra\u0111eni sapun za lice za \u010di\u0161\u0107enje i hidrataciju"},"content":{"rendered":"<p>D&#039;Las pro\u010di\u0161\u0107avaju\u0107i i hidratantni ru\u010dno ra\u0111eni sapun za lice pogodan je za sve tipove ko\u017ee. Oboga\u0107en organskim kokosovim uljem, ricinusovim uljem, uljem sjemenki suncokreta i ekstraktom zelenog \u010daja, nje\u017eno \u0107e o\u010distiti va\u0161u osjetljivu ko\u017eu, pru\u017eaju\u0107i joj cjelokupnu za\u0161titu.<\/p>\n<p>Ovi prirodni sastojci poma\u017eu u detoksikaciji ko\u017ee uklanjanjem mrtvih stanica ko\u017ee, a istovremeno ostavljaju va\u0161u ko\u017eu hidratiziranom.<\/p>\n<p>Ovaj prekrasni, botani\u010dki, rasko\u0161ni ru\u010dno izra\u0111eni sapun za lice prvi je korak u va\u0161oj rutini njege ko\u017ee.<\/p>","protected":false},"excerpt":{"rendered":"<p>Mjehuri\u0107 \u010disto\u0107e s cejlonskim zelenim \u010dajem! Nje\u017eno o\u010distite ko\u017eu bar\u0161unastom pjenom za lijepu i svje\u017eu ko\u017eu.<\/p>","protected":false},"featured_media":2766,"comment_status":"open","ping_status":"closed","template":"","meta":{"_acf_changed":false,"footnotes":""},"product_brand":[],"product_cat":[410,206,357],"product_tag":[],"class_list":{"0":"post-2351","1":"product","2":"type-product","3":"status-publish","4":"has-post-thumbnail","6":"product_cat-handmade-face-soap-face","7":"product_cat-purifying-hydrating-range","8":"product_cat-women","10":"first","11":"instock","12":"shipping-taxable","13":"purchasable","14":"product-type-simple","15":"add-to-wishlist-before_image"},"acf":[],"_links":{"self":[{"href":"https:\/\/europe.dlasint.com\/hr\/wp-json\/wp\/v2\/product\/2351","targetHints":{"allow":["GET"]}}],"collection":[{"href":"https:\/\/europe.dlasint.com\/hr\/wp-json\/wp\/v2\/product"}],"about":[{"href":"https:\/\/europe.dlasint.com\/hr\/wp-json\/wp\/v2\/types\/product"}],"replies":[{"embeddable":true,"href":"https:\/\/europe.dlasint.com\/hr\/wp-json\/wp\/v2\/comments?post=2351"}],"version-history":[{"count":0,"href":"https:\/\/europe.dlasint.com\/hr\/wp-json\/wp\/v2\/product\/2351\/revisions"}],"wp:featuredmedia":[{"embeddable":true,"href":"https:\/\/europe.dlasint.com\/hr\/wp-json\/wp\/v2\/media\/2766"}],"wp:attachment":[{"href":"https:\/\/europe.dlasint.com\/hr\/wp-json\/wp\/v2\/media?parent=2351"}],"wp:term":[{"taxonomy":"product_brand","embeddable":true,"href":"https:\/\/europe.dlasint.com\/hr\/wp-json\/wp\/v2\/product_brand?post=2351"},{"taxonomy":"product_cat","embeddable":true,"href":"https:\/\/europe.dlasint.com\/hr\/wp-json\/wp\/v2\/product_cat?post=2351"},{"taxonomy":"product_tag","embeddable":true,"href":"https:\/\/europe.dlasint.com\/hr\/wp-json\/wp\/v2\/product_tag?post=2351"}],"curies":[{"name":"wp","href":"https:\/\/api.w.org\/{rel}","templated":true}]}}