







{"id":2349,"date":"2022-01-27T08:07:17","date_gmt":"2022-01-27T08:07:17","guid":{"rendered":"https:\/\/dlaseuro.wpengine.com\/product\/purifying-hydrating-conditioner\/"},"modified":"2023-04-01T05:08:21","modified_gmt":"2023-04-01T05:08:21","slug":"purifying-hydrating-conditioner","status":"publish","type":"product","link":"https:\/\/europe.dlasint.com\/hr\/proizvod\/purifying-hydrating-conditioner\/","title":{"rendered":"Regenerator za pro\u010di\u0161\u0107avanje i hidrataciju"},"content":{"rendered":"<p>D\u2019Las Purifying &amp; Hydrating Conditioner is suitable for dry\/damaged hair types and designed to improve the manageability of your hair with its natural therapeutic properties.<\/p>\n<p>This unique formula is enriched with 100% natural Green Tea extract which helps to reduce hair fall, and treats dry\/damaged hairs, while Aloe Vera and Jojoba oil provide nourishment and long-lasting silky touch.<\/p>\n<p>&nbsp;<\/p>","protected":false},"excerpt":{"rendered":"<p>Upgrade the quality of your hair with the goodness of Ceylon Green Tea and give life to dry\/damaged hair.<\/p>","protected":false},"featured_media":2803,"comment_status":"open","ping_status":"closed","template":"","meta":{"_acf_changed":false,"footnotes":""},"product_brand":[],"product_cat":[409,206,357],"product_tag":[],"class_list":{"0":"post-2349","1":"product","2":"type-product","3":"status-publish","4":"has-post-thumbnail","6":"product_cat-conditioner-hair","7":"product_cat-purifying-hydrating-range","8":"product_cat-women","10":"first","11":"instock","12":"shipping-taxable","13":"purchasable","14":"product-type-simple","15":"add-to-wishlist-before_image"},"acf":[],"_links":{"self":[{"href":"https:\/\/europe.dlasint.com\/hr\/wp-json\/wp\/v2\/product\/2349","targetHints":{"allow":["GET"]}}],"collection":[{"href":"https:\/\/europe.dlasint.com\/hr\/wp-json\/wp\/v2\/product"}],"about":[{"href":"https:\/\/europe.dlasint.com\/hr\/wp-json\/wp\/v2\/types\/product"}],"replies":[{"embeddable":true,"href":"https:\/\/europe.dlasint.com\/hr\/wp-json\/wp\/v2\/comments?post=2349"}],"version-history":[{"count":0,"href":"https:\/\/europe.dlasint.com\/hr\/wp-json\/wp\/v2\/product\/2349\/revisions"}],"wp:featuredmedia":[{"embeddable":true,"href":"https:\/\/europe.dlasint.com\/hr\/wp-json\/wp\/v2\/media\/2803"}],"wp:attachment":[{"href":"https:\/\/europe.dlasint.com\/hr\/wp-json\/wp\/v2\/media?parent=2349"}],"wp:term":[{"taxonomy":"product_brand","embeddable":true,"href":"https:\/\/europe.dlasint.com\/hr\/wp-json\/wp\/v2\/product_brand?post=2349"},{"taxonomy":"product_cat","embeddable":true,"href":"https:\/\/europe.dlasint.com\/hr\/wp-json\/wp\/v2\/product_cat?post=2349"},{"taxonomy":"product_tag","embeddable":true,"href":"https:\/\/europe.dlasint.com\/hr\/wp-json\/wp\/v2\/product_tag?post=2349"}],"curies":[{"name":"wp","href":"https:\/\/api.w.org\/{rel}","templated":true}]}}