







{"id":2331,"date":"2022-01-27T08:07:14","date_gmt":"2022-01-27T08:07:14","guid":{"rendered":"https:\/\/dlaseuro.wpengine.com\/product\/coconut-milk-vanilla-body-lotion\/"},"modified":"2023-04-01T04:48:56","modified_gmt":"2023-04-01T04:48:56","slug":"coconut-milk-vanilla-body-lotion","status":"publish","type":"product","link":"https:\/\/europe.dlasint.com\/hr\/proizvod\/coconut-milk-vanilla-body-lotion\/","title":{"rendered":"Losion za tijelo s kokosovim mlijekom i vanilijom"},"content":{"rendered":"<p>D&#039;Las losion za tijelo s kokosovim mlijekom i vanilijom oboga\u0107en uljem jojobe, aloe verom, vitaminom E acetatom, p\u010delinjim medom i drugim sastojcima koji su blagotvorni za ko\u017eu odr\u017eava va\u0161u ko\u017eu nahranjenom cijeli dan.<\/p>\n<p>Lako se nanosi, dugotrajan miris kremastog kokosovog mlijeka i slatke vanilije pru\u017ea tretman poput spa centra, dok bogata formula hidratizira i pomla\u0111uje va\u0161u osjetljivu ko\u017eu.<\/p>\n<p>Nemasna tekstura losiona i njegova brza apsorpcijska svojstva odr\u017eavaju va\u0161u ko\u017eu hidratiziranom tijekom cijelog dana.<\/p>","protected":false},"excerpt":{"rendered":"<p>Dubinski njegujte svoju ko\u017eu hidratantnom mje\u0161avinom D&#039;las losiona za tijelo s kokosovim mlijekom i okusom vanilije.<\/p>","protected":false},"featured_media":4291,"comment_status":"open","ping_status":"closed","template":"","meta":{"_acf_changed":false,"footnotes":""},"product_brand":[],"product_cat":[374,201,357],"product_tag":[],"class_list":{"0":"post-2331","1":"product","2":"type-product","3":"status-publish","4":"has-post-thumbnail","6":"product_cat-body-lotion-body","7":"product_cat-coconut-milk-vanilla-range","8":"product_cat-women","10":"first","11":"instock","12":"shipping-taxable","13":"purchasable","14":"product-type-simple","15":"add-to-wishlist-before_image"},"acf":[],"_links":{"self":[{"href":"https:\/\/europe.dlasint.com\/hr\/wp-json\/wp\/v2\/product\/2331","targetHints":{"allow":["GET"]}}],"collection":[{"href":"https:\/\/europe.dlasint.com\/hr\/wp-json\/wp\/v2\/product"}],"about":[{"href":"https:\/\/europe.dlasint.com\/hr\/wp-json\/wp\/v2\/types\/product"}],"replies":[{"embeddable":true,"href":"https:\/\/europe.dlasint.com\/hr\/wp-json\/wp\/v2\/comments?post=2331"}],"version-history":[{"count":0,"href":"https:\/\/europe.dlasint.com\/hr\/wp-json\/wp\/v2\/product\/2331\/revisions"}],"wp:featuredmedia":[{"embeddable":true,"href":"https:\/\/europe.dlasint.com\/hr\/wp-json\/wp\/v2\/media\/4291"}],"wp:attachment":[{"href":"https:\/\/europe.dlasint.com\/hr\/wp-json\/wp\/v2\/media?parent=2331"}],"wp:term":[{"taxonomy":"product_brand","embeddable":true,"href":"https:\/\/europe.dlasint.com\/hr\/wp-json\/wp\/v2\/product_brand?post=2331"},{"taxonomy":"product_cat","embeddable":true,"href":"https:\/\/europe.dlasint.com\/hr\/wp-json\/wp\/v2\/product_cat?post=2331"},{"taxonomy":"product_tag","embeddable":true,"href":"https:\/\/europe.dlasint.com\/hr\/wp-json\/wp\/v2\/product_tag?post=2331"}],"curies":[{"name":"wp","href":"https:\/\/api.w.org\/{rel}","templated":true}]}}