







{"id":2302,"date":"2022-01-27T08:07:10","date_gmt":"2022-01-27T08:07:10","guid":{"rendered":"https:\/\/dlaseuro.wpengine.com\/product\/wild-rose-body-lotion\/"},"modified":"2024-10-24T10:22:37","modified_gmt":"2024-10-24T10:22:37","slug":"wild-rose-body-lotion","status":"publish","type":"product","link":"https:\/\/europe.dlasint.com\/hr\/proizvod\/wild-rose-body-lotion\/","title":{"rendered":"Losion za tijelo s divljom ru\u017eom"},"content":{"rendered":"<p>D&#8217;Las Wild Rose Body Lotion is enriched with Jojoba oil, Aloe Vera, Vitamin E Acetate, Bee Honey, and other skin-friendly ingredients to provide nourishment to your skin.<\/p>\n<p>The easy-to-apply, long-lasting fragrance of Wild Rose provides a spa-like treatment to your delicate skin and helps to keep it healthy and vibrant.<\/p>\n<p>Nemasna tekstura losiona i njegova brza apsorpcijska svojstva odr\u017eavaju va\u0161u ko\u017eu hidratiziranom tijekom cijelog dana.<\/p>","protected":false},"excerpt":{"rendered":"<p>Embrace the breathtaking scent of Wild Roses to pamper your delicate skin all day!<\/p>","protected":false},"featured_media":4304,"comment_status":"open","ping_status":"closed","template":"","meta":{"_acf_changed":false,"footnotes":""},"product_brand":[],"product_cat":[374,195,357],"product_tag":[],"class_list":{"0":"post-2302","1":"product","2":"type-product","3":"status-publish","4":"has-post-thumbnail","6":"product_cat-body-lotion-body","7":"product_cat-wild-rose-range","8":"product_cat-women","10":"first","11":"instock","12":"shipping-taxable","13":"purchasable","14":"product-type-simple","15":"add-to-wishlist-before_image"},"acf":[],"_links":{"self":[{"href":"https:\/\/europe.dlasint.com\/hr\/wp-json\/wp\/v2\/product\/2302","targetHints":{"allow":["GET"]}}],"collection":[{"href":"https:\/\/europe.dlasint.com\/hr\/wp-json\/wp\/v2\/product"}],"about":[{"href":"https:\/\/europe.dlasint.com\/hr\/wp-json\/wp\/v2\/types\/product"}],"replies":[{"embeddable":true,"href":"https:\/\/europe.dlasint.com\/hr\/wp-json\/wp\/v2\/comments?post=2302"}],"version-history":[{"count":0,"href":"https:\/\/europe.dlasint.com\/hr\/wp-json\/wp\/v2\/product\/2302\/revisions"}],"wp:featuredmedia":[{"embeddable":true,"href":"https:\/\/europe.dlasint.com\/hr\/wp-json\/wp\/v2\/media\/4304"}],"wp:attachment":[{"href":"https:\/\/europe.dlasint.com\/hr\/wp-json\/wp\/v2\/media?parent=2302"}],"wp:term":[{"taxonomy":"product_brand","embeddable":true,"href":"https:\/\/europe.dlasint.com\/hr\/wp-json\/wp\/v2\/product_brand?post=2302"},{"taxonomy":"product_cat","embeddable":true,"href":"https:\/\/europe.dlasint.com\/hr\/wp-json\/wp\/v2\/product_cat?post=2302"},{"taxonomy":"product_tag","embeddable":true,"href":"https:\/\/europe.dlasint.com\/hr\/wp-json\/wp\/v2\/product_tag?post=2302"}],"curies":[{"name":"wp","href":"https:\/\/api.w.org\/{rel}","templated":true}]}}