







{"id":2449,"date":"2022-01-27T08:07:31","date_gmt":"2022-01-27T08:07:31","guid":{"rendered":"https:\/\/dlaseuro.wpengine.com\/product\/born-diva\/"},"modified":"2023-04-04T11:21:50","modified_gmt":"2023-04-04T11:21:50","slug":"born-diva","status":"publish","type":"product","link":"https:\/\/europe.dlasint.com\/ga\/product\/born-diva\/","title":{"rendered":"Diva Rugadh"},"content":{"rendered":"<p>Cumhr\u00e1in \u00f3c\u00e1ideach id\u00e9alach simpl\u00edochta agus uath\u00falachta.<\/p>\n<p>An cumhr\u00e1in foirfe measctha le bouquet de n\u00f3ta\u00ed bl\u00e1thanna agus torth\u00fala chun an cumhr\u00e1in anama a chruth\u00fa ar mian le gach duine an\u00e1l\u00fa isteach.<\/p>\n<p>Bain sult as \u00faire na gcaora agus na mbl\u00e1thanna ar feadh n\u00edos m\u00f3 n\u00e1 8 n-uaire an chloig.<\/p>","protected":false},"excerpt":{"rendered":"<p>D\u00faisigh an anam eachtr\u00fail ionat le teagmh\u00e1il n\u00f3ta\u00ed torth\u00fala spra\u00ed\u00fala.<\/p>","protected":false},"featured_media":2929,"comment_status":"open","ping_status":"closed","template":"","meta":{"_acf_changed":false,"footnotes":""},"product_brand":[],"product_cat":[229,357],"product_tag":[],"class_list":{"0":"post-2449","1":"product","2":"type-product","3":"status-publish","4":"has-post-thumbnail","6":"product_cat-feminine","7":"product_cat-women","9":"first","10":"outofstock","11":"shipping-taxable","12":"purchasable","13":"product-type-simple","14":"add-to-wishlist-before_image"},"acf":[],"_links":{"self":[{"href":"https:\/\/europe.dlasint.com\/ga\/wp-json\/wp\/v2\/product\/2449","targetHints":{"allow":["GET"]}}],"collection":[{"href":"https:\/\/europe.dlasint.com\/ga\/wp-json\/wp\/v2\/product"}],"about":[{"href":"https:\/\/europe.dlasint.com\/ga\/wp-json\/wp\/v2\/types\/product"}],"replies":[{"embeddable":true,"href":"https:\/\/europe.dlasint.com\/ga\/wp-json\/wp\/v2\/comments?post=2449"}],"version-history":[{"count":0,"href":"https:\/\/europe.dlasint.com\/ga\/wp-json\/wp\/v2\/product\/2449\/revisions"}],"wp:featuredmedia":[{"embeddable":true,"href":"https:\/\/europe.dlasint.com\/ga\/wp-json\/wp\/v2\/media\/2929"}],"wp:attachment":[{"href":"https:\/\/europe.dlasint.com\/ga\/wp-json\/wp\/v2\/media?parent=2449"}],"wp:term":[{"taxonomy":"product_brand","embeddable":true,"href":"https:\/\/europe.dlasint.com\/ga\/wp-json\/wp\/v2\/product_brand?post=2449"},{"taxonomy":"product_cat","embeddable":true,"href":"https:\/\/europe.dlasint.com\/ga\/wp-json\/wp\/v2\/product_cat?post=2449"},{"taxonomy":"product_tag","embeddable":true,"href":"https:\/\/europe.dlasint.com\/ga\/wp-json\/wp\/v2\/product_tag?post=2449"}],"curies":[{"name":"wp","href":"https:\/\/api.w.org\/{rel}","templated":true}]}}