







{"id":2399,"date":"2022-01-27T08:07:24","date_gmt":"2022-01-27T08:07:24","guid":{"rendered":"https:\/\/dlaseuro.wpengine.com\/product\/warming-hydrosol\/"},"modified":"2023-04-01T05:30:35","modified_gmt":"2023-04-01T05:30:35","slug":"warming-hydrosol","status":"publish","type":"product","link":"https:\/\/europe.dlasint.com\/ga\/product\/warming-hydrosol\/","title":{"rendered":"Hydrosol T\u00e9amh"},"content":{"rendered":"<p>T\u00e1 D&#039;Las Warming Hydrosol insileadh le aromas bar\u00e1nt\u00fala Cainneam\u00f3in, Cardamom, Coriander &amp; D-limonene.<\/p>\n<p>Cuid\u00edonn an measc\u00e1n aramatach den scoth seo le do ghi\u00famar a ard\u00fa agus d&#039;intinn a ghlanadh.<\/p>\n<p>Is f\u00e9idir \u00e9 seo a \u00fas\u00e1id freisin mar cheo\/ton\u00f3ir aghaidhe, ceo coirp, tonic craicinn, \u00fair\u00e9ir aeir, n\u00f3 sprae\u00e1la l\u00edn\u00e9adaigh.<\/p>","protected":false},"excerpt":{"rendered":"<p>Cuir le do chuid fuinnimh le c\u00f3ire\u00e1il D&#039;Las Warming Hydrosol chun moth\u00fa suaimhneach agus athnuachana a fh\u00e1il.<\/p>","protected":false},"featured_media":2837,"comment_status":"open","ping_status":"closed","template":"","meta":{"_acf_changed":false,"footnotes":""},"product_brand":[],"product_cat":[380,218,357],"product_tag":[],"class_list":{"0":"post-2399","1":"product","2":"type-product","3":"status-publish","4":"has-post-thumbnail","6":"product_cat-hydrosol-body","7":"product_cat-warming-range","8":"product_cat-women","10":"first","11":"instock","12":"featured","13":"shipping-taxable","14":"purchasable","15":"product-type-simple","16":"add-to-wishlist-before_image"},"acf":[],"_links":{"self":[{"href":"https:\/\/europe.dlasint.com\/ga\/wp-json\/wp\/v2\/product\/2399","targetHints":{"allow":["GET"]}}],"collection":[{"href":"https:\/\/europe.dlasint.com\/ga\/wp-json\/wp\/v2\/product"}],"about":[{"href":"https:\/\/europe.dlasint.com\/ga\/wp-json\/wp\/v2\/types\/product"}],"replies":[{"embeddable":true,"href":"https:\/\/europe.dlasint.com\/ga\/wp-json\/wp\/v2\/comments?post=2399"}],"version-history":[{"count":0,"href":"https:\/\/europe.dlasint.com\/ga\/wp-json\/wp\/v2\/product\/2399\/revisions"}],"wp:featuredmedia":[{"embeddable":true,"href":"https:\/\/europe.dlasint.com\/ga\/wp-json\/wp\/v2\/media\/2837"}],"wp:attachment":[{"href":"https:\/\/europe.dlasint.com\/ga\/wp-json\/wp\/v2\/media?parent=2399"}],"wp:term":[{"taxonomy":"product_brand","embeddable":true,"href":"https:\/\/europe.dlasint.com\/ga\/wp-json\/wp\/v2\/product_brand?post=2399"},{"taxonomy":"product_cat","embeddable":true,"href":"https:\/\/europe.dlasint.com\/ga\/wp-json\/wp\/v2\/product_cat?post=2399"},{"taxonomy":"product_tag","embeddable":true,"href":"https:\/\/europe.dlasint.com\/ga\/wp-json\/wp\/v2\/product_tag?post=2399"}],"curies":[{"name":"wp","href":"https:\/\/api.w.org\/{rel}","templated":true}]}}