







{"id":2373,"date":"2022-01-27T08:07:20","date_gmt":"2022-01-27T08:07:20","guid":{"rendered":"https:\/\/dlaseuro.wpengine.com\/product\/clearing-refreshing-conditioner\/"},"modified":"2024-11-30T16:15:26","modified_gmt":"2024-11-30T16:15:26","slug":"clearing-refreshing-conditioner","status":"publish","type":"product","link":"https:\/\/europe.dlasint.com\/ga\/product\/clearing-refreshing-conditioner\/","title":{"rendered":"Oiri\u00fant\u00f3ir Glantach\u00e1in &amp; Athnuachana"},"content":{"rendered":"<p>D\u2019Las Clearing &amp; Refreshing conditioner is suitable for all types of hair and designed to refresh your hair with its natural therapeutic properties.<\/p>\n<p>Enriched with 100% natural Aloe Vera and Ceylon Cinnamon bark oil, this milky formula helps to nourish the hair and thereby makes it silky soft to the touch while also improving the shine and luster.<\/p>","protected":false},"excerpt":{"rendered":"<p>Indulge your hair with the nutrients of \u00a0Ceylon Cinnamon and Aloe vera to improve softness and shine.<\/p>","protected":false},"featured_media":2716,"comment_status":"open","ping_status":"closed","template":"","meta":{"_acf_changed":false,"footnotes":""},"product_brand":[],"product_cat":[210,409,357],"product_tag":[],"class_list":{"0":"post-2373","1":"product","2":"type-product","3":"status-publish","4":"has-post-thumbnail","6":"product_cat-clearing-refreshing-range","7":"product_cat-conditioner-hair","8":"product_cat-women","10":"first","11":"instock","12":"featured","13":"shipping-taxable","14":"purchasable","15":"product-type-simple","16":"add-to-wishlist-before_image"},"acf":[],"_links":{"self":[{"href":"https:\/\/europe.dlasint.com\/ga\/wp-json\/wp\/v2\/product\/2373","targetHints":{"allow":["GET"]}}],"collection":[{"href":"https:\/\/europe.dlasint.com\/ga\/wp-json\/wp\/v2\/product"}],"about":[{"href":"https:\/\/europe.dlasint.com\/ga\/wp-json\/wp\/v2\/types\/product"}],"replies":[{"embeddable":true,"href":"https:\/\/europe.dlasint.com\/ga\/wp-json\/wp\/v2\/comments?post=2373"}],"version-history":[{"count":0,"href":"https:\/\/europe.dlasint.com\/ga\/wp-json\/wp\/v2\/product\/2373\/revisions"}],"wp:featuredmedia":[{"embeddable":true,"href":"https:\/\/europe.dlasint.com\/ga\/wp-json\/wp\/v2\/media\/2716"}],"wp:attachment":[{"href":"https:\/\/europe.dlasint.com\/ga\/wp-json\/wp\/v2\/media?parent=2373"}],"wp:term":[{"taxonomy":"product_brand","embeddable":true,"href":"https:\/\/europe.dlasint.com\/ga\/wp-json\/wp\/v2\/product_brand?post=2373"},{"taxonomy":"product_cat","embeddable":true,"href":"https:\/\/europe.dlasint.com\/ga\/wp-json\/wp\/v2\/product_cat?post=2373"},{"taxonomy":"product_tag","embeddable":true,"href":"https:\/\/europe.dlasint.com\/ga\/wp-json\/wp\/v2\/product_tag?post=2373"}],"curies":[{"name":"wp","href":"https:\/\/api.w.org\/{rel}","templated":true}]}}